{"id":1692,"date":"2020-06-23T15:54:16","date_gmt":"2020-06-23T15:54:16","guid":{"rendered":"https:\/\/spasupport.se\/b2b\/?page_id=1692"},"modified":"2022-12-18T19:59:37","modified_gmt":"2022-12-18T18:59:37","slug":"home-3","status":"publish","type":"page","link":"https:\/\/spasupport.se\/b2b\/home-3\/","title":{"rendered":"Spasupport allt f\u00f6r spabad"},"content":{"rendered":"<!--themify_builder_content-->\n<div id=\"themify_builder_content-1692\" data-postid=\"1692\" class=\"themify_builder_content themify_builder_content-1692 themify_builder tf_clear\">\n                    <div  data-css_id=\"6260f0a\" data-lazy=\"1\" class=\"module_row themify_builder_row fullwidth tb_6260f0a tb_first tf_w\">\n                        <div class=\"row_inner gutter-none col_align_top tb_col_count_1 tf_box tf_rel\">\n                        <div  data-lazy=\"1\" class=\"module_column tb-column col-full tb_e24510a first\">\n        <span  class=\"builder_row_cover tf_abs\" data-lazy=\"1\"><\/span>            <!-- module text -->\n<div  class=\"module module-text tb_be3dbf3   \" data-lazy=\"1\">\n        <div  class=\"tb_text_wrap\">\n        <h1>Spasupport \u2013 F\u00f6r tekniker<\/h1>    <\/div>\n<\/div>\n<!-- \/module text -->        <\/div>\n                        <\/div>\n        <\/div>\n                        <div  data-lazy=\"1\" class=\"module_row themify_builder_row tb_xmd7810 tf_w\">\n                        <div class=\"row_inner col_align_top tb_col_count_1 tf_box tf_rel\">\n                        <div  data-lazy=\"1\" class=\"module_column tb-column col-full tb_7mc7811 first\">\n                    <!-- module fancy heading -->\n<div  class=\"module module-fancy-heading tb_7zjp269  tb_hide_divider\" data-lazy=\"1\">\n        <h1 class=\"fancy-heading\">\n    <span class=\"main-head tf_block\">\n                    <a href=\"\/b2b\/produkt-kategori\/spa-reservdelar\/\">Spa reservdelar<\/a>\n            <\/span>\n\n    \n    <span class=\"sub-head tf_block tf_rel\">\n                                <\/span>\n    <\/h1>\n<\/div>\n<!-- \/module fancy heading -->\n<!-- module image -->\n<div  class=\"module module-image tb_v6th416 image-top   tf_mw\" data-lazy=\"1\">\n        <div class=\"image-wrap tf_rel tf_mw\">\n            <a href=\"\/b2b\/produkt-kategori\/spa-reservdelar\/\">\n                   <img decoding=\"async\" src=\"https:\/\/spasupport.se\/wp-content\/uploads\/2021\/01\/spa-reservdelar.png\" title=\"Spasupport allt f\u00f6r spabad\" alt=\"Spasupport allt f\u00f6r spabad\">        <\/a>\n    \n        <\/div>\n    <!-- \/image-wrap -->\n    \n        <\/div>\n<!-- \/module image --><!-- module buttons -->\n<div  class=\"module module-buttons tb_lhvi149 buttons-horizontal solid  small circle\" data-lazy=\"1\">\n        <div class=\"module-buttons-item tf_in_flx\">\n                        <a href=\"\/b2b\/produkt-kategori\/spa-reservdelar\/\" class=\"ui builder_button tf_in_flx tb_default_color\" >\n                                                Reservdelar                                        <\/a>\n                <\/div>\n            <\/div>\n<!-- \/module buttons -->\n        <\/div>\n                        <\/div>\n        <\/div>\n                        <div  data-lazy=\"1\" class=\"module_row themify_builder_row tb_idlx69 tf_w\">\n                        <div class=\"row_inner col_align_top tb_col_count_1 tf_box tf_rel\">\n                        <div  data-lazy=\"1\" class=\"module_column tb-column col-full tb_gd6r70 first\">\n                    <!-- module fancy heading -->\n<div  class=\"module module-fancy-heading tb_wfq2866  tb_hide_divider\" data-lazy=\"1\">\n        <h3 class=\"fancy-heading tf_textc\">\n    <span class=\"main-head tf_block\">\n                    Spasupport - Vi kan allt om spabad            <\/span>\n\n    \n    <span class=\"sub-head tf_block tf_rel\">\n                                <\/span>\n    <\/h3>\n<\/div>\n<!-- \/module fancy heading -->\n<!-- module text -->\n<div  class=\"module module-text tb_1nez45  repeat \" data-lazy=\"1\">\n        <div  class=\"tb_text_wrap\">\n        <p>Varmt v\u00e4lkommen till SPA Support, vi har sedan 1992 levererat kunskap och produkter inom spabadsteknik till b\u00e5de spabads\u00e4gare och \u00e5terf\u00f6rs\u00e4ljare i hela Sverige. V\u00e5rt st\u00f6rsta fokus \u00e4r att hj\u00e4lpa kunder hitta r\u00e4tt produkter och reservdelar till spabadet oavsett m\u00e4rke och modell. V\u00e5rt sortiment \u00e4r b\u00e5de stort och varierande d\u00e5 vi \u00e4ven tillhandah\u00e5ller f\u00f6rbrukningsprodukter s\u00e5som kemi och filter f\u00f6r att hj\u00e4lpa till att h\u00e5lla spabadet rent och fr\u00e4scht en l\u00e4ngre period.<\/p>\n<div id=\"target-id69d8011a787ab\" class=\"collapseomatic_content \"><\/p>\n<p>SPA Support har en stor och gedigen kunskap n\u00e4r det g\u00e4ller spabadsteknik och vad som kr\u00e4vs f\u00f6r att driften och sk\u00f6tseln ska bli s\u00e5 enkel som m\u00f6jligt. Klimatet vi har h\u00e4r i Sverige under vintertid kan uts\u00e4tta ditt spabad f\u00f6r en tuff milj\u00f6 och h\u00e5rt slitage som kan skada spabadet. D\u00e4rf\u00f6r \u00e4r vi specialiserade p\u00e5 vilka typer av produkter ett spabad som \u00e4r placerat runt om i Sverige beh\u00f6ver f\u00f6r att beh\u00e5lla sin goda kvalit\u00e9. <\/p>\n<p>Vi tillverkar inte sj\u00e4lva spabaden eller \u00e4r bundna till n\u00e5got specifikt m\u00e4rke utan vi \u00e4r inriktade p\u00e5 f\u00f6rs\u00e4ljning av f\u00f6rbrukningsprodukter och reservdelar som passar alla spabad. De flesta spabad som tillverkas idag har samma komponenter och p\u00e5 s\u00e5 vis kan vi erbjuda produkter f\u00f6r alla kunder, oavsett m\u00e4rke och modell p\u00e5 spabadet. <\/p>\n<p>V\u00e5ra leverant\u00f6rer vi samarbetar med \u00e4r flera av marknadens b\u00e4sta och ledande inom spabadsprodukter. Genom att v\u00e4lja r\u00e4tt f\u00f6rbrukningsmaterial av bra kvalit\u00e9 \u00f6kar ocks\u00e5 njutningen och gl\u00e4djen av ditt spabad. Att v\u00e4lja fel produkter eller produkter i s\u00e4mre kvalit\u00e9 kan det medf\u00f6ra skador och minska livsl\u00e4ngden f\u00f6r er investering i spabadet.<\/p>\n<p>Oavsett vilket m\u00e4rke och modell ditt spabad har och om det \u00e4r nedgr\u00e4vd eller ovanmark, \u00e4r \u00e5ttaformad, rektangul\u00e4r eller rund har vi alla produkter du beh\u00f6ver f\u00f6r att sk\u00f6ta om badet. Vi har reservdelar som g\u00f6r det enkelt f\u00f6r dig att laga n\u00e5got som inte fungerar som det ska eller har helt g\u00e5tt s\u00f6nder, vi har \u00e4ven en hel del f\u00f6rbrukningsprodukter n\u00e4r det g\u00e4ller att beh\u00e5lla vattnet rent l\u00e4nge. I v\u00e5rt stora sortiment hittar du \u00e4ven en hel del extra tillbeh\u00f6r och produkter som kan g\u00f6ra ditt spabad lite roligare och bekv\u00e4mare. <\/p>\n<p>Alla produkter vi erbjuder i sortimentet g\u00f6r livet som \u00e4gare av ett spabad lite enklare. Du hittar bland annat produkter f\u00f6r vattenrening, pooldammsugare, m\u00e4tutrustning och mycket mera hos oss. V\u00e4lj r\u00e4tt produkt till ditt spabad tillsammans med oss och du beh\u00f6ver inte mer \u00e4n maximalt 30 minuter varje vecka f\u00f6r att sk\u00f6ta om ditt spabad och p\u00e5 s\u00e5 vis beh\u00e5lla en l\u00e5ng livsl\u00e4ngd p\u00e5 din investering.<\/p>\n<p>Vi p\u00e5 SPA Support kan \u00e4ven hj\u00e4lpa dig med reparationer och besiktning av ditt spabad ifall det h\u00e4nt n\u00e5got som g\u00f6r att det inte fungerar som det ska. Eftersom en skada eller ett haveri p\u00e5 ditt spabad kan antingen helt eller delvis omfattas av din villa-hemf\u00f6rs\u00e4kring sker de h\u00e4r tj\u00e4nsterna p\u00e5 uppdrag av ditt f\u00f6rs\u00e4kringsbolag.<\/p>\n<p>V\u00e5rt st\u00f6rsta och n\u00e4rmaste samarbete sker med v\u00e4rldens st\u00f6rsta levererant\u00f6r av komponenter till olika spabad, Balboa Water Group. I Sverige \u00e4r det ungef\u00e4r 85 procent av alla spabad som har elektronik fr\u00e5n Balboa Water Group. Vi kan d\u00e4rf\u00f6r ocks\u00e5 ge b\u00e5de dig som spabads\u00e4gare och \u00e5terf\u00f6rs\u00e4ljare en kvalificerad support n\u00e4r det g\u00e4ller produkter fr\u00e5n Balboa Water Group. <\/p>\n<p><\/div><span class=\"collapseomatic \" id=\"id69d8011a787ab\"  tabindex=\"0\" title=\"L\u00e4s mer\"    ><strong>L\u00e4s mer<\/strong><\/span><span id='swap-id69d8011a787ab'  class='colomat-swap' style='display:none;'><strong>St\u00e4ng<\/strong><\/span>\n    <\/div>\n<\/div>\n<!-- \/module text -->        <\/div>\n                        <\/div>\n        <\/div>\n                        <div  data-lazy=\"1\" class=\"module_row themify_builder_row tb_it5e749 tf_w\">\n                        <div class=\"row_inner col_align_top tb_col_count_3 tf_box tf_rel\">\n                        <div  data-lazy=\"1\" class=\"module_column tb-column col3-1 tb_0i7d750 first\">\n                    <!-- module image -->\n<div  class=\"module module-image tb_7zuy445 image-center   tf_mw\" data-lazy=\"1\">\n        <div class=\"image-wrap tf_rel tf_mw\">\n            <img loading=\"lazy\" decoding=\"async\" src=\"\/wp-content\/uploads\/2020\/07\/delphinlogo.png\" width=\"230\" height=\"80\" alt=\"Spasupport allt f\u00f6r spabad Delphin spa\">    \n        <\/div>\n    <!-- \/image-wrap -->\n    \n        <\/div>\n<!-- \/module image -->        <\/div>\n                    <div  data-lazy=\"1\" class=\"module_column tb-column col3-1 tb_gsbc750\">\n                    <!-- module image -->\n<div  class=\"module module-image tb_hc4q91 image-center   tf_mw\" data-lazy=\"1\">\n        <div class=\"image-wrap tf_rel tf_mw\">\n            <img loading=\"lazy\" decoding=\"async\" src=\"\/wp-content\/uploads\/2020\/07\/plaetcologo.png\" width=\"230\" height=\"80\" alt=\"Spasupport  Allt f\u00f6r spabad Pleatco advanced spa water filtration\">    \n        <\/div>\n    <!-- \/image-wrap -->\n    \n        <\/div>\n<!-- \/module image -->        <\/div>\n                    <div  data-lazy=\"1\" class=\"module_column tb-column col3-1 tb_zx5g750 last\">\n                    <!-- module image -->\n<div  class=\"module module-image tb_70h8289 image-center   tf_mw\" data-lazy=\"1\">\n        <div class=\"image-wrap tf_rel tf_mw\">\n            <img loading=\"lazy\" decoding=\"async\" src=\"https:\/\/spasupport.se\/b2b\/wp-content\/uploads\/2020\/07\/balboalogo.png\" width=\"230\" height=\"80\" alt=\"Balboa reservdelar spabad\">    \n        <\/div>\n    <!-- \/image-wrap -->\n    \n        <\/div>\n<!-- \/module image -->        <\/div>\n                        <\/div>\n        <\/div>\n        <\/div>\n<!--\/themify_builder_content-->","protected":false},"excerpt":{"rendered":"<p>Spasupport \u2013 Allt f\u00f6r spabad Kemi | Filter | Reservdelar Spasupport \u2013 h\u00e4r hittar du produkterna till ditt spabad Spa kemi Tryggt &amp; s\u00e4kert Vattenv\u00e5rd Spakemi Rent och fr\u00e4scht vatten Spafilter Spafilter Balboa spa reservdelar Reservdelar Reservdelar Spabad Nyheter och stors\u00e4ljare H\u00e4r visar vi popul\u00e4ra produkter, nyheter och aktuella erbjudande. -25% Spaklor granulat Betygsatt 4.89 [&hellip;]<\/p>\n","protected":false},"author":3,"featured_media":0,"parent":0,"menu_order":0,"comment_status":"closed","ping_status":"closed","template":"","meta":{"_acf_changed":false,"inline_featured_image":false,"footnotes":""},"class_list":["post-1692","page","type-page","status-publish","hentry","has-post-title","has-post-date","has-post-category","has-post-tag","has-post-comment","has-post-author",""],"acf":[],"_links":{"self":[{"href":"https:\/\/spasupport.se\/b2b\/wp-json\/wp\/v2\/pages\/1692","targetHints":{"allow":["GET"]}}],"collection":[{"href":"https:\/\/spasupport.se\/b2b\/wp-json\/wp\/v2\/pages"}],"about":[{"href":"https:\/\/spasupport.se\/b2b\/wp-json\/wp\/v2\/types\/page"}],"author":[{"embeddable":true,"href":"https:\/\/spasupport.se\/b2b\/wp-json\/wp\/v2\/users\/3"}],"replies":[{"embeddable":true,"href":"https:\/\/spasupport.se\/b2b\/wp-json\/wp\/v2\/comments?post=1692"}],"version-history":[{"count":48,"href":"https:\/\/spasupport.se\/b2b\/wp-json\/wp\/v2\/pages\/1692\/revisions"}],"predecessor-version":[{"id":25152,"href":"https:\/\/spasupport.se\/b2b\/wp-json\/wp\/v2\/pages\/1692\/revisions\/25152"}],"wp:attachment":[{"href":"https:\/\/spasupport.se\/b2b\/wp-json\/wp\/v2\/media?parent=1692"}],"curies":[{"name":"wp","href":"https:\/\/api.w.org\/{rel}","templated":true}]}}