{"id":2903,"date":"2020-07-05T15:26:16","date_gmt":"2020-07-05T15:26:16","guid":{"rendered":"https:\/\/spasupport.se\/b2b\/?page_id=2903"},"modified":"2021-04-01T09:54:13","modified_gmt":"2021-04-01T07:54:13","slug":"sok-mina-paket","status":"publish","type":"page","link":"https:\/\/spasupport.se\/b2b\/sok-mina-paket\/","title":{"rendered":"S\u00f6k mina paket"},"content":{"rendered":"<!--themify_builder_content-->\n<div id=\"themify_builder_content-2903\" data-postid=\"2903\" class=\"themify_builder_content themify_builder_content-2903 themify_builder tf_clear\">\n                    <div  data-lazy=\"1\" class=\"module_row themify_builder_row tb_q06n121 tb_first tf_w\">\n                        <div class=\"row_inner col_align_top tb_col_count_1 tf_box tf_rel\">\n                        <div  data-lazy=\"1\" class=\"module_column tb-column col-full tb_qeog122 first\">\n                            <div  data-lazy=\"1\" class=\"module_subrow themify_builder_sub_row tf_w col_align_top tb_col_count_2 tb_6wns62\">\n                <div  data-lazy=\"1\" class=\"module_column sub_column col2-1 tb_xim763 first\">\n                    <!-- module text -->\n<div  class=\"module module-text tb_2l2m513   \" data-lazy=\"1\">\n        <div  class=\"tb_text_wrap\">\n        <h3>S\u00c5 H\u00c4R ENKELT S\u00d6KER DU EFTER DITT PAKET<\/h3>\n<p>Ladda ner appen och l\u00e4gg in samma mobiltelefonnummer och\/eller e-postadress som du angav n\u00e4r du best\u00e4llde. Enklare kan det inte bli och det b\u00e4sta med allt \u00e4r att det fungerar lika bra n\u00e4sta g\u00e5ng du vill best\u00e4lla. Bara du anv\u00e4nder samma telefonnummer och\/eller e-post som du uppger vid best\u00e4llning.<\/p>\n    <\/div>\n<\/div>\n<!-- \/module text -->        <\/div>\n                    <div  data-lazy=\"1\" class=\"module_column sub_column col2-1 tb_x2zk63 last\">\n                    <!-- module image -->\n<div  class=\"module module-image tb_wytr312 image-center   tf_mw\" data-lazy=\"1\">\n        <div class=\"image-wrap tf_rel tf_mw\">\n            <img loading=\"lazy\" decoding=\"async\" src=\"https:\/\/spasupport.se\/b2b\/wp-content\/uploads\/2020\/07\/app.png\" width=\"200\" height=\"559\" title=\"S\u00f6k mina paket\" alt=\"S\u00f6k mina paket\">    \n        <\/div>\n    <!-- \/image-wrap -->\n    \n        <\/div>\n<!-- \/module image -->        <\/div>\n                    <\/div>\n                <\/div>\n                        <\/div>\n        <\/div>\n                        <div  data-css_id=\"p2sw308\" data-lazy=\"1\" class=\"module_row themify_builder_row fullwidth_row_container tb_p2sw308 tf_w\">\n                        <div class=\"row_inner col_align_top tb_col_count_1 tf_box tf_rel\">\n                        <div  data-lazy=\"1\" class=\"module_column tb-column col-full tb_72y1310 first\">\n                            <div  data-lazy=\"1\" class=\"module_subrow themify_builder_sub_row tf_w col_align_top tb_col_count_2 tb_hwzl310\">\n                <div  data-lazy=\"1\" class=\"module_column sub_column col2-1 tb_muwb311 first\">\n                    <!-- module image -->\n<div  class=\"module module-image tb_qr8h271 image-top   auto_fullwidth tf_mw\" data-lazy=\"1\">\n        <div class=\"image-wrap tf_rel tf_mw\">\n            <img loading=\"lazy\" decoding=\"async\" src=\"https:\/\/spasupport.se\/b2b\/wp-content\/uploads\/2020\/07\/Mina-Paket.jpg\" width=\"2000\" height=\"1334\" title=\"S\u00f6k mina paket\" alt=\"S\u00f6k mina paket\">    \n        <\/div>\n    <!-- \/image-wrap -->\n    \n        <\/div>\n<!-- \/module image -->        <\/div>\n                    <div  data-lazy=\"1\" class=\"module_column sub_column col2-1 tb_228m312 last\">\n                    <!-- module text -->\n<div  class=\"module module-text tb_3jao311   \" data-lazy=\"1\">\n        <div  class=\"tb_text_wrap\">\n        <h3>MINA PAKET HJ\u00c4LPER DIG ATT S\u00d6KA<\/h3>\n<p>I appen Mina Paket kan du enkelt sp\u00e5ra dina paket, f\u00e5 l\u00f6pande information och aviseringar om var ditt paket \u00e4r och n\u00e4r det finns att h\u00e4mta.<\/p>\n<h3>MINA PAKET ALLT SOM BEH\u00d6VS.<\/h3>\n<p>Appen str\u00e4var efter att ge dig full kontroll och \u00f6verblick \u00f6ver ditt e-handlande, fr\u00e5n k\u00f6p till leverans och allt d\u00e4remellan.<\/p>\n    <\/div>\n<\/div>\n<!-- \/module text -->        <\/div>\n                    <\/div>\n                <\/div>\n                        <\/div>\n        <\/div>\n                        <div  data-css_id=\"89yv375\" data-lazy=\"1\" class=\"module_row themify_builder_row fullwidth_row_container tb_89yv375 tf_w\">\n                        <div class=\"row_inner col_align_top tb_col_count_1 tf_box tf_rel\">\n                        <div  data-lazy=\"1\" class=\"module_column tb-column col-full tb_gfp1376 first\">\n                            <div  data-lazy=\"1\" class=\"module_subrow themify_builder_sub_row tf_w col_align_top tb_col_count_2 tb_74pp376\">\n                <div  data-lazy=\"1\" class=\"module_column sub_column col2-1 tb_zcvy376 first\">\n                    <!-- module text -->\n<div  class=\"module module-text tb_m24w377   \" data-lazy=\"1\">\n        <div  class=\"tb_text_wrap\">\n        <h3>ALLA DINA PAKET P\u00c5 ETT ST\u00c4LLE \u00c4VEN FR\u00c5N ANDRA E-HANDLARE.<\/h3><p>Mina paket \u00e4r en app f\u00f6r dig som handlar varor via n\u00e4tet och vill kunna f\u00f6lja dina leveranser p\u00e5 ett och samma st\u00e4lle. Ist\u00e4llet f\u00f6r att sp\u00e5ra dina paket manuellt p\u00e5 transport\u00f6rernas olika sp\u00e5rningssidor, samlas och sp\u00e5ras de automatiskt direkt i appen.<\/p><p>I Mina Paket kan du f\u00f6lja leveranser som hanteras via Unifauns system (oavsett transport\u00f6r) samt alla brev, paket och hemleveranser med DHL och Bring inom Sverige. Vi arbetar kontinuerligt med att ansluta fler transport\u00f6rer, appen \u00e4r \u00f6ppen f\u00f6r alla transport\u00f6rer som vill ansluta sig.<\/p><h3>DINA PAKET L\u00c4GGS TILL AUTOMATISKT.<\/h3><p>Genom att koppla ditt mobilnummer och\/eller e-postadress som anv\u00e4nds n\u00e4r du handlar p\u00e5 n\u00e4tet till Mina Paket kommer paket som skickas till dig automatiskt l\u00e4ggas till och sp\u00e5ras i appen.<\/p>    <\/div>\n<\/div>\n<!-- \/module text -->        <\/div>\n                    <div  data-lazy=\"1\" class=\"module_column sub_column col2-1 tb_8er5377 last\">\n                    <!-- module text -->\n<div  class=\"module module-text tb_vn1m273   \" data-lazy=\"1\">\n        <div  class=\"tb_text_wrap\">\n        <p><em>H\u00e4r kan du h\u00e4mta appen Mina Paket p\u00e5 App Store<\/em><\/p>    <\/div>\n<\/div>\n<!-- \/module text --><!-- module image -->\n<div  class=\"module module-image tb_e0qe377 image-top   tf_mw\" data-lazy=\"1\">\n        <div class=\"image-wrap tf_rel tf_mw\">\n            <a href=\"https:\/\/itunes.apple.com\/se\/app\/mina-paket\/id1178336802?mt=8\" rel=\"noopener\" target=\"_blank\">\n                   <img loading=\"lazy\" decoding=\"async\" src=\"https:\/\/spasupport.se\/b2b\/wp-content\/uploads\/2020\/07\/appstore-qr-kod.png\" width=\"390\" height=\"89\" title=\"S\u00f6k mina paket\" alt=\"S\u00f6k mina paket\">        <\/a>\n    \n        <\/div>\n    <!-- \/image-wrap -->\n    \n        <\/div>\n<!-- \/module image --><!-- module text -->\n<div  class=\"module module-text tb_6kuo420   \" data-lazy=\"1\">\n        <div  class=\"tb_text_wrap\">\n        <p><em>H\u00e4r kan du h\u00e4mta appen Mina Paket p\u00e5 Google Play<\/em><\/p>    <\/div>\n<\/div>\n<!-- \/module text --><!-- module image -->\n<div  class=\"module module-image tb_q40n166 image-top   tf_mw\" data-lazy=\"1\">\n        <div class=\"image-wrap tf_rel tf_mw\">\n            <a href=\"https:\/\/play.google.com\/store\/apps\/details?id=com.unifaun.minapaket\" rel=\"noopener\" target=\"_blank\">\n                   <img loading=\"lazy\" decoding=\"async\" src=\"https:\/\/spasupport.se\/b2b\/wp-content\/uploads\/2020\/07\/goggleplay-qr-kod.png\" width=\"390\" height=\"89\" title=\"S\u00f6k mina paket\" alt=\"S\u00f6k mina paket\">        <\/a>\n    \n        <\/div>\n    <!-- \/image-wrap -->\n    \n        <\/div>\n<!-- \/module image -->        <\/div>\n                    <\/div>\n                <\/div>\n                        <\/div>\n        <\/div>\n        <\/div>\n<!--\/themify_builder_content-->\n","protected":false},"excerpt":{"rendered":"<p>S\u00c5 H\u00c4R ENKELT S\u00d6KER DU EFTER DITT PAKET Ladda ner appen och l\u00e4gg in samma mobiltelefonnummer och\/eller e-postadress som du angav n\u00e4r du best\u00e4llde. Enklare kan det inte bli och det b\u00e4sta med allt \u00e4r att det fungerar lika bra n\u00e4sta g\u00e5ng du vill best\u00e4lla. Bara du anv\u00e4nder samma telefonnummer och\/eller e-post som du uppger [&hellip;]<\/p>\n","protected":false},"author":3,"featured_media":0,"parent":0,"menu_order":0,"comment_status":"closed","ping_status":"closed","template":"","meta":{"_acf_changed":false,"inline_featured_image":false,"footnotes":""},"class_list":["post-2903","page","type-page","status-publish","hentry","has-post-title","has-post-date","has-post-category","has-post-tag","has-post-comment","has-post-author",""],"acf":[],"_links":{"self":[{"href":"https:\/\/spasupport.se\/b2b\/wp-json\/wp\/v2\/pages\/2903","targetHints":{"allow":["GET"]}}],"collection":[{"href":"https:\/\/spasupport.se\/b2b\/wp-json\/wp\/v2\/pages"}],"about":[{"href":"https:\/\/spasupport.se\/b2b\/wp-json\/wp\/v2\/types\/page"}],"author":[{"embeddable":true,"href":"https:\/\/spasupport.se\/b2b\/wp-json\/wp\/v2\/users\/3"}],"replies":[{"embeddable":true,"href":"https:\/\/spasupport.se\/b2b\/wp-json\/wp\/v2\/comments?post=2903"}],"version-history":[{"count":1,"href":"https:\/\/spasupport.se\/b2b\/wp-json\/wp\/v2\/pages\/2903\/revisions"}],"predecessor-version":[{"id":18038,"href":"https:\/\/spasupport.se\/b2b\/wp-json\/wp\/v2\/pages\/2903\/revisions\/18038"}],"wp:attachment":[{"href":"https:\/\/spasupport.se\/b2b\/wp-json\/wp\/v2\/media?parent=2903"}],"curies":[{"name":"wp","href":"https:\/\/api.w.org\/{rel}","templated":true}]}}