{"id":23184,"date":"2020-08-09T16:57:38","date_gmt":"2020-08-09T14:57:38","guid":{"rendered":"https:\/\/spasupport.se\/b2b\/product\/overlay-tp600-3-jets-2\/"},"modified":"2024-01-01T16:59:33","modified_gmt":"2024-01-01T15:59:33","slug":"overlay-tp600-3-jets","status":"publish","type":"product","link":"https:\/\/spasupport.se\/b2b\/produkt\/overlay-tp600-3-jets\/","title":{"rendered":"Overlay TP600 3 Jets"},"content":{"rendered":"<h3>Overlay TP600 3 Jets<\/h3>\n<p>&nbsp;<\/p>\n<p>Overlay TP600 3 Jets till Balboa Spa Touch TP600 med max 3 pumpar och blower.<br \/>\nDenna sj\u00e4lvh\u00e4ftande layout f\u00f6rekommer p\u00e5 Balboa kontrollsystem BP6013G3<\/p>\n<h3>M\u00e5tt<\/h3>\n<p>L\u00e4ngd: 170 mm<br \/>\nH\u00f6jd: 68 mm<\/p>\n<!--themify_builder_content-->\n<div id=\"themify_builder_content-23184\" data-postid=\"23184\" class=\"themify_builder_content themify_builder_content-23184 themify_builder tf_clear\">\n    <\/div>\n<!--\/themify_builder_content-->\n","protected":false},"excerpt":{"rendered":"<ul>\n<li>Jets 1<\/li>\n<li>Jets 2<\/li>\n<li>Jets 3<\/li>\n<li>Temp<\/li>\n<li>Light<\/li>\n<li>Aux<\/li>\n<\/ul>\n","protected":false},"featured_media":23183,"comment_status":"open","ping_status":"closed","template":"","meta":{"_acf_changed":false,"inline_featured_image":false},"product_brand":[],"product_cat":[569],"product_tag":[],"varum\u00e4rken":[],"class_list":{"0":"post-23184","1":"product","2":"type-product","3":"status-publish","4":"has-post-thumbnail","6":"product_cat-panel-overlays","7":"has-post-title","8":"has-post-date","9":"has-post-category","10":"has-post-tag","11":"has-post-comment","12":"has-post-author","13":"","15":"first","16":"instock","17":"taxable","18":"shipping-taxable","19":"product-type-simple"},"acf":[],"_links":{"self":[{"href":"https:\/\/spasupport.se\/b2b\/wp-json\/wp\/v2\/product\/23184","targetHints":{"allow":["GET"]}}],"collection":[{"href":"https:\/\/spasupport.se\/b2b\/wp-json\/wp\/v2\/product"}],"about":[{"href":"https:\/\/spasupport.se\/b2b\/wp-json\/wp\/v2\/types\/product"}],"replies":[{"embeddable":true,"href":"https:\/\/spasupport.se\/b2b\/wp-json\/wp\/v2\/comments?post=23184"}],"wp:featuredmedia":[{"embeddable":true,"href":"https:\/\/spasupport.se\/b2b\/wp-json\/wp\/v2\/media\/23183"}],"wp:attachment":[{"href":"https:\/\/spasupport.se\/b2b\/wp-json\/wp\/v2\/media?parent=23184"}],"wp:term":[{"taxonomy":"product_brand","embeddable":true,"href":"https:\/\/spasupport.se\/b2b\/wp-json\/wp\/v2\/product_brand?post=23184"},{"taxonomy":"product_cat","embeddable":true,"href":"https:\/\/spasupport.se\/b2b\/wp-json\/wp\/v2\/product_cat?post=23184"},{"taxonomy":"product_tag","embeddable":true,"href":"https:\/\/spasupport.se\/b2b\/wp-json\/wp\/v2\/product_tag?post=23184"},{"taxonomy":"varum\u00e4rken","embeddable":true,"href":"https:\/\/spasupport.se\/b2b\/wp-json\/wp\/v2\/varum\u00e4rken?post=23184"}],"curies":[{"name":"wp","href":"https:\/\/api.w.org\/{rel}","templated":true}]}}