{"id":23186,"date":"2021-02-04T05:56:22","date_gmt":"2021-02-04T04:56:22","guid":{"rendered":"https:\/\/spasupport.se\/b2b\/product\/overlay-tp600-flip-2\/"},"modified":"2023-07-31T04:59:56","modified_gmt":"2023-07-31T02:59:56","slug":"overlay-tp600-flip","status":"publish","type":"product","link":"https:\/\/spasupport.se\/b2b\/produkt\/overlay-tp600-flip\/","title":{"rendered":"Overlay TP600 Flip"},"content":{"rendered":"<h3>Overlay TP600 Flip<\/h3>\n<p>&nbsp;<\/p>\n<p>Overlay TP600 Flip till Balboa Spa Touch TP600 med max 1 pump och blower.<br \/>\nDenna sj\u00e4lvh\u00e4ftande layout f\u00f6rekommer p\u00e5 Balboa kontrollsystem BP6013G1<\/p>\n<h3><\/h3>\n<h3>M\u00e5tt<\/h3>\n<p>L\u00e4ngd: 170 mm<br \/>\nH\u00f6jd: 68 mm<\/p>\n<!--themify_builder_content-->\n<div id=\"themify_builder_content-23186\" data-postid=\"23186\" class=\"themify_builder_content themify_builder_content-23186 themify_builder tf_clear\">\n    <\/div>\n<!--\/themify_builder_content-->\n","protected":false},"excerpt":{"rendered":"<ul>\n<li>Jets<\/li>\n<li>Aux<\/li>\n<li>Flip<\/li>\n<li>Warm<\/li>\n<li>Light<\/li>\n<li>Cool<\/li>\n<\/ul>\n","protected":false},"featured_media":23185,"comment_status":"open","ping_status":"closed","template":"","meta":{"_acf_changed":false,"inline_featured_image":false},"product_brand":[],"product_cat":[569],"product_tag":[],"varum\u00e4rken":[],"class_list":{"0":"post-23186","1":"product","2":"type-product","3":"status-publish","4":"has-post-thumbnail","6":"product_cat-panel-overlays","7":"has-post-title","8":"has-post-date","9":"has-post-category","10":"has-post-tag","11":"has-post-comment","12":"has-post-author","13":"","15":"first","16":"outofstock","17":"taxable","18":"shipping-taxable","19":"product-type-simple"},"acf":[],"_links":{"self":[{"href":"https:\/\/spasupport.se\/b2b\/wp-json\/wp\/v2\/product\/23186","targetHints":{"allow":["GET"]}}],"collection":[{"href":"https:\/\/spasupport.se\/b2b\/wp-json\/wp\/v2\/product"}],"about":[{"href":"https:\/\/spasupport.se\/b2b\/wp-json\/wp\/v2\/types\/product"}],"replies":[{"embeddable":true,"href":"https:\/\/spasupport.se\/b2b\/wp-json\/wp\/v2\/comments?post=23186"}],"wp:featuredmedia":[{"embeddable":true,"href":"https:\/\/spasupport.se\/b2b\/wp-json\/wp\/v2\/media\/23185"}],"wp:attachment":[{"href":"https:\/\/spasupport.se\/b2b\/wp-json\/wp\/v2\/media?parent=23186"}],"wp:term":[{"taxonomy":"product_brand","embeddable":true,"href":"https:\/\/spasupport.se\/b2b\/wp-json\/wp\/v2\/product_brand?post=23186"},{"taxonomy":"product_cat","embeddable":true,"href":"https:\/\/spasupport.se\/b2b\/wp-json\/wp\/v2\/product_cat?post=23186"},{"taxonomy":"product_tag","embeddable":true,"href":"https:\/\/spasupport.se\/b2b\/wp-json\/wp\/v2\/product_tag?post=23186"},{"taxonomy":"varum\u00e4rken","embeddable":true,"href":"https:\/\/spasupport.se\/b2b\/wp-json\/wp\/v2\/varum\u00e4rken?post=23186"}],"curies":[{"name":"wp","href":"https:\/\/api.w.org\/{rel}","templated":true}]}}