{"id":23188,"date":"2021-02-04T06:29:33","date_gmt":"2021-02-04T05:29:33","guid":{"rendered":"https:\/\/spasupport.se\/b2b\/product\/overlay-vl801d-2\/"},"modified":"2023-09-01T19:13:34","modified_gmt":"2023-09-01T17:13:34","slug":"overlay-vl801d","status":"publish","type":"product","link":"https:\/\/spasupport.se\/b2b\/produkt\/overlay-vl801d\/","title":{"rendered":"Overlay VL801D"},"content":{"rendered":"<h3>Overlay VL801D<\/h3>\n<p>&nbsp;<\/p>\n<p>Overlay VL801D till <strong><a href=\"\/balboa-panel-vl-801d\/\">Balboa Spa Touch VL801D<\/a> <\/strong>med max 2 pumpar och 1 blower.<br \/>\nDenna sj\u00e4lvh\u00e4ftande layout f\u00f6rekommer p\u00e5 Balboa kontrollsystem GS510DZ<\/p>\n<h3><\/h3>\n<h3>M\u00e5tt<\/h3>\n<p>L\u00e4ngd: 170 mm<br \/>\nH\u00f6jd: 68 mm<\/p>\n<!--themify_builder_content-->\n<div id=\"themify_builder_content-23188\" data-postid=\"23188\" class=\"themify_builder_content themify_builder_content-23188 themify_builder tf_clear\">\n    <\/div>\n<!--\/themify_builder_content-->\n","protected":false},"excerpt":{"rendered":"<ul>\n<li>Time<\/li>\n<li>Mode\/Prog<\/li>\n<li>Warm<\/li>\n<li>Cool<\/li>\n<li>Blower<\/li>\n<li>Light<\/li>\n<li>Jets 1<\/li>\n<li>Jets 2<\/li>\n<\/ul>\n","protected":false},"featured_media":23187,"comment_status":"open","ping_status":"closed","template":"","meta":{"_acf_changed":false,"inline_featured_image":false},"product_brand":[],"product_cat":[569],"product_tag":[],"varum\u00e4rken":[],"class_list":{"0":"post-23188","1":"product","2":"type-product","3":"status-publish","4":"has-post-thumbnail","6":"product_cat-panel-overlays","7":"has-post-title","8":"has-post-date","9":"has-post-category","10":"has-post-tag","11":"has-post-comment","12":"has-post-author","13":"","15":"first","16":"outofstock","17":"taxable","18":"shipping-taxable","19":"product-type-simple"},"acf":[],"_links":{"self":[{"href":"https:\/\/spasupport.se\/b2b\/wp-json\/wp\/v2\/product\/23188","targetHints":{"allow":["GET"]}}],"collection":[{"href":"https:\/\/spasupport.se\/b2b\/wp-json\/wp\/v2\/product"}],"about":[{"href":"https:\/\/spasupport.se\/b2b\/wp-json\/wp\/v2\/types\/product"}],"replies":[{"embeddable":true,"href":"https:\/\/spasupport.se\/b2b\/wp-json\/wp\/v2\/comments?post=23188"}],"wp:featuredmedia":[{"embeddable":true,"href":"https:\/\/spasupport.se\/b2b\/wp-json\/wp\/v2\/media\/23187"}],"wp:attachment":[{"href":"https:\/\/spasupport.se\/b2b\/wp-json\/wp\/v2\/media?parent=23188"}],"wp:term":[{"taxonomy":"product_brand","embeddable":true,"href":"https:\/\/spasupport.se\/b2b\/wp-json\/wp\/v2\/product_brand?post=23188"},{"taxonomy":"product_cat","embeddable":true,"href":"https:\/\/spasupport.se\/b2b\/wp-json\/wp\/v2\/product_cat?post=23188"},{"taxonomy":"product_tag","embeddable":true,"href":"https:\/\/spasupport.se\/b2b\/wp-json\/wp\/v2\/product_tag?post=23188"},{"taxonomy":"varum\u00e4rken","embeddable":true,"href":"https:\/\/spasupport.se\/b2b\/wp-json\/wp\/v2\/varum\u00e4rken?post=23188"}],"curies":[{"name":"wp","href":"https:\/\/api.w.org\/{rel}","templated":true}]}}