{"id":23277,"date":"2020-08-09T16:57:28","date_gmt":"2020-08-09T14:57:28","guid":{"rendered":"https:\/\/spasupport.se\/b2b\/product\/delbar-mutter-till-balboa-varmare-2\/"},"modified":"2024-03-13T17:57:14","modified_gmt":"2024-03-13T16:57:14","slug":"mutter-till-balboa-varmare","status":"publish","type":"product","link":"https:\/\/spasupport.se\/b2b\/produkt\/mutter-till-balboa-varmare\/","title":{"rendered":"Mutter till Balboa V\u00e4rmare"},"content":{"rendered":"<h3>Mutter till Balboa v\u00e4rmare<\/h3>\n<p>Mutter till Balboa v\u00e4rmare. Efter ett antal \u00e5r rekommenderar vi att den byts ut p\u00e5 b\u00e5da sidor. Detta eftersom materialet slits med \u00e5ren av de kemikalier som anv\u00e4nds och de st\u00e4ndiga temperatur skiftningarna. Om denna del havererar t\u00f6ms hela badet p\u00e5 vatten inom n\u00e5gon minut vilket kan vara katastrofalt speciellt vintertid.<\/p>\n<p>Passar alla Balboa 15 tums v\u00e4rmare till exempel den vanligaste 58118 (som sedan 2020 har nytt nummer 58107).<\/p>\n<h3>M\u00e5tt<\/h3>\n<ul>\n<li>H\u00e5l 58 mm<\/li>\n<li>G\u00e4nga 78 mm<\/li>\n<\/ul>\n<p><a href=\"\/produkt\/packning-till-balboa-varmare\/\">Packning hittar du h\u00e4r<\/a>!<\/p>\n<!--themify_builder_content-->\n<div id=\"themify_builder_content-23277\" data-postid=\"23277\" class=\"themify_builder_content themify_builder_content-23277 themify_builder tf_clear\">\n    <\/div>\n<!--\/themify_builder_content-->\n","protected":false},"excerpt":{"rendered":"<ul>\n<li>Delbar mutter, skruv ing\u00e5r<\/li>\n<li>H\u00e5l 58 mm<\/li>\n<li>G\u00e4nga 78 mm<\/li>\n<li>Byt p\u00e5 b\u00e5da sidor efter ca. 5 \u00e5r<\/li>\n<\/ul>\n","protected":false},"featured_media":23276,"comment_status":"open","ping_status":"closed","template":"","meta":{"_acf_changed":false,"inline_featured_image":false},"product_brand":[],"product_cat":[605],"product_tag":[],"varum\u00e4rken":[],"class_list":{"0":"post-23277","1":"product","2":"type-product","3":"status-publish","4":"has-post-thumbnail","6":"product_cat-unioner-packningar","7":"has-post-title","8":"has-post-date","9":"has-post-category","10":"has-post-tag","11":"has-post-comment","12":"has-post-author","13":"","15":"first","16":"instock","17":"taxable","18":"shipping-taxable","19":"product-type-simple"},"acf":[],"_links":{"self":[{"href":"https:\/\/spasupport.se\/b2b\/wp-json\/wp\/v2\/product\/23277","targetHints":{"allow":["GET"]}}],"collection":[{"href":"https:\/\/spasupport.se\/b2b\/wp-json\/wp\/v2\/product"}],"about":[{"href":"https:\/\/spasupport.se\/b2b\/wp-json\/wp\/v2\/types\/product"}],"replies":[{"embeddable":true,"href":"https:\/\/spasupport.se\/b2b\/wp-json\/wp\/v2\/comments?post=23277"}],"wp:featuredmedia":[{"embeddable":true,"href":"https:\/\/spasupport.se\/b2b\/wp-json\/wp\/v2\/media\/23276"}],"wp:attachment":[{"href":"https:\/\/spasupport.se\/b2b\/wp-json\/wp\/v2\/media?parent=23277"}],"wp:term":[{"taxonomy":"product_brand","embeddable":true,"href":"https:\/\/spasupport.se\/b2b\/wp-json\/wp\/v2\/product_brand?post=23277"},{"taxonomy":"product_cat","embeddable":true,"href":"https:\/\/spasupport.se\/b2b\/wp-json\/wp\/v2\/product_cat?post=23277"},{"taxonomy":"product_tag","embeddable":true,"href":"https:\/\/spasupport.se\/b2b\/wp-json\/wp\/v2\/product_tag?post=23277"},{"taxonomy":"varum\u00e4rken","embeddable":true,"href":"https:\/\/spasupport.se\/b2b\/wp-json\/wp\/v2\/varum\u00e4rken?post=23277"}],"curies":[{"name":"wp","href":"https:\/\/api.w.org\/{rel}","templated":true}]}}