{"id":23279,"date":"2020-08-09T16:57:28","date_gmt":"2020-08-09T14:57:28","guid":{"rendered":"https:\/\/spasupport.se\/b2b\/product\/packning-till-balboa-varmare-2\/"},"modified":"2024-03-06T14:13:48","modified_gmt":"2024-03-06T13:13:48","slug":"packning-till-balboa-varmare","status":"publish","type":"product","link":"https:\/\/spasupport.se\/b2b\/produkt\/packning-till-balboa-varmare\/","title":{"rendered":"Packning till v\u00e4rmare 2 tum"},"content":{"rendered":"<h3>Packning till Balboa v\u00e4rmare<\/h3>\n<p><strong>Dimensioner:<\/strong><\/p>\n<p>Innerdiameter: 53 mm<br \/>\nYtterdiameter: 75 mm<br \/>\nTjocklek: 5 mm<\/p>\n<p>Extra packning f\u00f6r delbar mutter till Balboa v\u00e4rmare. Passar alla Balboa 15 tums v\u00e4rmare till exempel den vanligaste 58118 (som sedan 2020 har nytt nummer 58107).<\/p>\n<h3 class=\"product_title entry-title\"><a href=\"https:\/\/spasupport.se\/produkt\/mutter-och-packningssats-till-balboa-varmare\/\">Komplett mutter med packningssats till Balboa V\u00e4rmare hittar du h\u00e4r<\/a><\/h3>\n<p>&nbsp;<\/p>\n<!--themify_builder_content-->\n<div id=\"themify_builder_content-23279\" data-postid=\"23279\" class=\"themify_builder_content themify_builder_content-23279 themify_builder tf_clear\">\n    <\/div>\n<!--\/themify_builder_content-->\n","protected":false},"excerpt":{"rendered":"<ul>\n<li>S\u00e4ljs styckvis<\/li>\n<li>Passar alla Balboa 15 tums v\u00e4rmare<\/li>\n<\/ul>\n","protected":false},"featured_media":23278,"comment_status":"open","ping_status":"closed","template":"","meta":{"_acf_changed":false,"inline_featured_image":false},"product_brand":[],"product_cat":[605],"product_tag":[],"varum\u00e4rken":[],"class_list":{"0":"post-23279","1":"product","2":"type-product","3":"status-publish","4":"has-post-thumbnail","6":"product_cat-unioner-packningar","7":"has-post-title","8":"has-post-date","9":"has-post-category","10":"has-post-tag","11":"has-post-comment","12":"has-post-author","13":"","15":"first","16":"instock","17":"taxable","18":"shipping-taxable","19":"product-type-simple"},"acf":[],"_links":{"self":[{"href":"https:\/\/spasupport.se\/b2b\/wp-json\/wp\/v2\/product\/23279","targetHints":{"allow":["GET"]}}],"collection":[{"href":"https:\/\/spasupport.se\/b2b\/wp-json\/wp\/v2\/product"}],"about":[{"href":"https:\/\/spasupport.se\/b2b\/wp-json\/wp\/v2\/types\/product"}],"replies":[{"embeddable":true,"href":"https:\/\/spasupport.se\/b2b\/wp-json\/wp\/v2\/comments?post=23279"}],"wp:featuredmedia":[{"embeddable":true,"href":"https:\/\/spasupport.se\/b2b\/wp-json\/wp\/v2\/media\/23278"}],"wp:attachment":[{"href":"https:\/\/spasupport.se\/b2b\/wp-json\/wp\/v2\/media?parent=23279"}],"wp:term":[{"taxonomy":"product_brand","embeddable":true,"href":"https:\/\/spasupport.se\/b2b\/wp-json\/wp\/v2\/product_brand?post=23279"},{"taxonomy":"product_cat","embeddable":true,"href":"https:\/\/spasupport.se\/b2b\/wp-json\/wp\/v2\/product_cat?post=23279"},{"taxonomy":"product_tag","embeddable":true,"href":"https:\/\/spasupport.se\/b2b\/wp-json\/wp\/v2\/product_tag?post=23279"},{"taxonomy":"varum\u00e4rken","embeddable":true,"href":"https:\/\/spasupport.se\/b2b\/wp-json\/wp\/v2\/varum\u00e4rken?post=23279"}],"curies":[{"name":"wp","href":"https:\/\/api.w.org\/{rel}","templated":true}]}}