{"id":23328,"date":"2020-08-09T16:56:39","date_gmt":"2020-08-09T14:56:39","guid":{"rendered":"https:\/\/spasupport.se\/b2b\/product\/skarvror-20mm-2\/"},"modified":"2024-01-01T17:23:51","modified_gmt":"2024-01-01T16:23:51","slug":"skarvkoppling-3-8","status":"publish","type":"product","link":"https:\/\/spasupport.se\/b2b\/produkt\/skarvkoppling-3-8\/","title":{"rendered":"Skarvkoppling 3\/8&#8243;"},"content":{"rendered":"<h3>Skarvkoppling 3\/8&#8243; cirka 10mm<\/h3>\n<p>Skarvkoppling 3\/8&#8243; cirka 10 mm utv\u00e4ndig diameter. Skarvr\u00f6ret \u00e4r ribbat (har hullingar) f\u00f6r s\u00e4ker och t\u00e4t anslutning.<\/p>\n<p>Anv\u00e4nds ofta till att f\u00f6rl\u00e4nga luftslangen till jet-munstycken efter reparation.<br \/>\nSkarvkopplingen kan ocks\u00e5 anv\u00e4ndas till att dr\u00e4nera vattenpumpar som har utg\u00e5ng f\u00f6r detta, vanligtvis en 3\/8&#8243; slang.<\/p>\n<!--themify_builder_content-->\n<div id=\"themify_builder_content-23328\" data-postid=\"23328\" class=\"themify_builder_content themify_builder_content-23328 themify_builder tf_clear\">\n    <\/div>\n<!--\/themify_builder_content-->\n","protected":false},"excerpt":{"rendered":"<ul>\n<li>Till 3\/8&#8243; slang<\/li>\n<\/ul>\n","protected":false},"featured_media":25441,"comment_status":"open","ping_status":"closed","template":"","meta":{"_acf_changed":false,"inline_featured_image":false},"product_brand":[],"product_cat":[574],"product_tag":[],"varum\u00e4rken":[],"class_list":{"0":"post-23328","1":"product","2":"type-product","3":"status-publish","4":"has-post-thumbnail","6":"product_cat-kopplingar","7":"has-post-title","8":"has-post-date","9":"has-post-category","10":"has-post-tag","11":"has-post-comment","12":"has-post-author","13":"","15":"first","16":"instock","17":"taxable","18":"shipping-taxable","19":"product-type-simple"},"acf":[],"_links":{"self":[{"href":"https:\/\/spasupport.se\/b2b\/wp-json\/wp\/v2\/product\/23328","targetHints":{"allow":["GET"]}}],"collection":[{"href":"https:\/\/spasupport.se\/b2b\/wp-json\/wp\/v2\/product"}],"about":[{"href":"https:\/\/spasupport.se\/b2b\/wp-json\/wp\/v2\/types\/product"}],"replies":[{"embeddable":true,"href":"https:\/\/spasupport.se\/b2b\/wp-json\/wp\/v2\/comments?post=23328"}],"wp:featuredmedia":[{"embeddable":true,"href":"https:\/\/spasupport.se\/b2b\/wp-json\/wp\/v2\/media\/25441"}],"wp:attachment":[{"href":"https:\/\/spasupport.se\/b2b\/wp-json\/wp\/v2\/media?parent=23328"}],"wp:term":[{"taxonomy":"product_brand","embeddable":true,"href":"https:\/\/spasupport.se\/b2b\/wp-json\/wp\/v2\/product_brand?post=23328"},{"taxonomy":"product_cat","embeddable":true,"href":"https:\/\/spasupport.se\/b2b\/wp-json\/wp\/v2\/product_cat?post=23328"},{"taxonomy":"product_tag","embeddable":true,"href":"https:\/\/spasupport.se\/b2b\/wp-json\/wp\/v2\/product_tag?post=23328"},{"taxonomy":"varum\u00e4rken","embeddable":true,"href":"https:\/\/spasupport.se\/b2b\/wp-json\/wp\/v2\/varum\u00e4rken?post=23328"}],"curies":[{"name":"wp","href":"https:\/\/api.w.org\/{rel}","templated":true}]}}