{"id":23437,"date":"2020-12-31T16:31:21","date_gmt":"2020-12-31T15:31:21","guid":{"rendered":"https:\/\/spasupport.se\/b2b\/product\/varmaradapter-2-tum-till-balboa-spabadsvarmare-2\/"},"modified":"2024-03-10T18:02:24","modified_gmt":"2024-03-10T17:02:24","slug":"varmaradapter-2-tum-till-balboa-spabadsvarmare","status":"publish","type":"product","link":"https:\/\/spasupport.se\/b2b\/produkt\/varmaradapter-2-tum-till-balboa-spabadsvarmare\/","title":{"rendered":"V\u00e4rmaradapter 2 tum"},"content":{"rendered":"<h3><\/h3>\n<h3>V\u00e4rmaradapter 2 tum till Balboa spabadsv\u00e4rmare<\/h3>\n<p>Standard 2 tums anslutning till Balboa v\u00e4rmare. Denna anslutningsadapter sitter som original p\u00e5 alla v\u00e5ra utbytesv\u00e4rmare.<\/p>\n<p>Inv\u00e4ndigt 60 mm f\u00f6r 2&#8243; r\u00f6r och utv\u00e4ndig g\u00e4nga 78 mm\u00a0 2&#8243; MBT.<\/p>\n<!--themify_builder_content-->\n<div id=\"themify_builder_content-23437\" data-postid=\"23437\" class=\"themify_builder_content themify_builder_content-23437 themify_builder tf_clear\">\n    <\/div>\n<!--\/themify_builder_content-->\n","protected":false},"excerpt":{"rendered":"<ul>\n<li>Standard 2 tums anslutning<\/li>\n<li>Inv\u00e4ndigt 60 mm f\u00f6r 2\u2033 r\u00f6r<\/li>\n<li>G\u00e4nga 78 mm 2\u2033 MBT<\/li>\n<\/ul>\n","protected":false},"featured_media":23436,"comment_status":"open","ping_status":"closed","template":"","meta":{"_acf_changed":false,"inline_featured_image":false},"product_brand":[],"product_cat":[605],"product_tag":[],"varum\u00e4rken":[],"class_list":{"0":"post-23437","1":"product","2":"type-product","3":"status-publish","4":"has-post-thumbnail","6":"product_cat-unioner-packningar","7":"has-post-title","8":"has-post-date","9":"has-post-category","10":"has-post-tag","11":"has-post-comment","12":"has-post-author","13":"","15":"first","16":"instock","17":"taxable","18":"shipping-taxable","19":"product-type-simple"},"acf":[],"_links":{"self":[{"href":"https:\/\/spasupport.se\/b2b\/wp-json\/wp\/v2\/product\/23437","targetHints":{"allow":["GET"]}}],"collection":[{"href":"https:\/\/spasupport.se\/b2b\/wp-json\/wp\/v2\/product"}],"about":[{"href":"https:\/\/spasupport.se\/b2b\/wp-json\/wp\/v2\/types\/product"}],"replies":[{"embeddable":true,"href":"https:\/\/spasupport.se\/b2b\/wp-json\/wp\/v2\/comments?post=23437"}],"wp:featuredmedia":[{"embeddable":true,"href":"https:\/\/spasupport.se\/b2b\/wp-json\/wp\/v2\/media\/23436"}],"wp:attachment":[{"href":"https:\/\/spasupport.se\/b2b\/wp-json\/wp\/v2\/media?parent=23437"}],"wp:term":[{"taxonomy":"product_brand","embeddable":true,"href":"https:\/\/spasupport.se\/b2b\/wp-json\/wp\/v2\/product_brand?post=23437"},{"taxonomy":"product_cat","embeddable":true,"href":"https:\/\/spasupport.se\/b2b\/wp-json\/wp\/v2\/product_cat?post=23437"},{"taxonomy":"product_tag","embeddable":true,"href":"https:\/\/spasupport.se\/b2b\/wp-json\/wp\/v2\/product_tag?post=23437"},{"taxonomy":"varum\u00e4rken","embeddable":true,"href":"https:\/\/spasupport.se\/b2b\/wp-json\/wp\/v2\/varum\u00e4rken?post=23437"}],"curies":[{"name":"wp","href":"https:\/\/api.w.org\/{rel}","templated":true}]}}