{"id":23439,"date":"2020-08-09T16:56:58","date_gmt":"2020-08-09T14:56:58","guid":{"rendered":"https:\/\/spasupport.se\/b2b\/product\/adapter-till-balboa-spavarmare-50-mm-2\/"},"modified":"2023-12-19T21:40:55","modified_gmt":"2023-12-19T20:40:55","slug":"adapter-till-balboa-spavarmare-50-mm","status":"publish","type":"product","link":"https:\/\/spasupport.se\/b2b\/produkt\/adapter-till-balboa-spavarmare-50-mm\/","title":{"rendered":"V\u00e4rmaradapter 50mm"},"content":{"rendered":"<h3>Adapter till Balboa spav\u00e4rmare 50 mm<\/h3>\n<p>Adapter till Balboa spav\u00e4rmare f\u00f6r 50 mm inv\u00e4ndig limning eller f\u00f6r 2 tums utv\u00e4ndig limning med r\u00f6r eller slang.<\/p>\n<p>Normalt anv\u00e4nds 2 tums anslutning eller 1 \u00bd tums anslutning p\u00e5 de flesta spabadsv\u00e4rmare fr\u00e5n Balboa. Beh\u00f6ver man ist\u00e4llet anv\u00e4nda metriskt m\u00e5tt finns denna adapter f\u00f6r inv\u00e4ndig limning med r\u00f6r eller slang. M\u00e5tten p\u00e5 adaptern \u00e4r inv\u00e4ndigt 50 mm f\u00f6r limning och det utv\u00e4ndiga m\u00e5ttet \u00e4r 2&#8243; som \u00e4r ca. 60 mm.<\/p>\n<!--themify_builder_content-->\n<div id=\"themify_builder_content-23439\" data-postid=\"23439\" class=\"themify_builder_content themify_builder_content-23439 themify_builder tf_clear\">\n    <\/div>\n<!--\/themify_builder_content-->\n","protected":false},"excerpt":{"rendered":"<ul>\n<li>F\u00f6r inv\u00e4ndig limning 50 mm<\/li>\n<li>F\u00f6r utv\u00e4ndig limning 2&#8243; ca. 60 mm<\/li>\n<\/ul>\n","protected":false},"featured_media":23438,"comment_status":"open","ping_status":"closed","template":"","meta":{"_acf_changed":false,"inline_featured_image":false},"product_brand":[],"product_cat":[605],"product_tag":[],"varum\u00e4rken":[],"class_list":{"0":"post-23439","1":"product","2":"type-product","3":"status-publish","4":"has-post-thumbnail","6":"product_cat-unioner-packningar","7":"has-post-title","8":"has-post-date","9":"has-post-category","10":"has-post-tag","11":"has-post-comment","12":"has-post-author","13":"","15":"first","16":"instock","17":"taxable","18":"shipping-taxable","19":"product-type-simple"},"acf":[],"_links":{"self":[{"href":"https:\/\/spasupport.se\/b2b\/wp-json\/wp\/v2\/product\/23439","targetHints":{"allow":["GET"]}}],"collection":[{"href":"https:\/\/spasupport.se\/b2b\/wp-json\/wp\/v2\/product"}],"about":[{"href":"https:\/\/spasupport.se\/b2b\/wp-json\/wp\/v2\/types\/product"}],"replies":[{"embeddable":true,"href":"https:\/\/spasupport.se\/b2b\/wp-json\/wp\/v2\/comments?post=23439"}],"wp:featuredmedia":[{"embeddable":true,"href":"https:\/\/spasupport.se\/b2b\/wp-json\/wp\/v2\/media\/23438"}],"wp:attachment":[{"href":"https:\/\/spasupport.se\/b2b\/wp-json\/wp\/v2\/media?parent=23439"}],"wp:term":[{"taxonomy":"product_brand","embeddable":true,"href":"https:\/\/spasupport.se\/b2b\/wp-json\/wp\/v2\/product_brand?post=23439"},{"taxonomy":"product_cat","embeddable":true,"href":"https:\/\/spasupport.se\/b2b\/wp-json\/wp\/v2\/product_cat?post=23439"},{"taxonomy":"product_tag","embeddable":true,"href":"https:\/\/spasupport.se\/b2b\/wp-json\/wp\/v2\/product_tag?post=23439"},{"taxonomy":"varum\u00e4rken","embeddable":true,"href":"https:\/\/spasupport.se\/b2b\/wp-json\/wp\/v2\/varum\u00e4rken?post=23439"}],"curies":[{"name":"wp","href":"https:\/\/api.w.org\/{rel}","templated":true}]}}