{"id":23441,"date":"2020-12-31T16:47:21","date_gmt":"2020-12-31T15:47:21","guid":{"rendered":"https:\/\/spasupport.se\/b2b\/product\/delbar-mutter-spavarmare-standard-2\/"},"modified":"2024-02-05T10:17:34","modified_gmt":"2024-02-05T09:17:34","slug":"delbar-mutter-spavarmare-standard","status":"publish","type":"product","link":"https:\/\/spasupport.se\/b2b\/produkt\/delbar-mutter-spavarmare-standard\/","title":{"rendered":"Delbar mutter 2&#8243;"},"content":{"rendered":"<h3>Delbar mutter spav\u00e4rmare standard<\/h3>\n<p>Delad mutter l\u00e4mplig f\u00f6r reparation av skadad mutter p\u00e5 2 &#8221;FBT-v\u00e4rmare som anv\u00e4nds av Waterway NEO-kontrollsystem, inklusive 2100-modellen, passar ej till Balboa.<\/p>\n<p>Inv\u00e4ndig g\u00e4nga: 75 mm<\/p>\n<p>Inv\u00e4ndigt h\u00e5l: 58 mm<\/p>\n<p>Kompatibel med de flesta 2&#8221; v\u00e4rmare f\u00f6rutom Balboa v\u00e4rmare.<\/p>\n<!--themify_builder_content-->\n<div id=\"themify_builder_content-23441\" data-postid=\"23441\" class=\"themify_builder_content themify_builder_content-23441 themify_builder tf_clear\">\n    <\/div>\n<!--\/themify_builder_content-->\n","protected":false},"excerpt":{"rendered":"<ul>\n<li>Delad mutter 2&#8243; ej Balboa<\/li>\n<li>Inv\u00e4ndig g\u00e4nga: 75 mm<\/li>\n<li>Inv\u00e4ndigt h\u00e5l: 58 mm<\/li>\n<\/ul>\n","protected":false},"featured_media":23440,"comment_status":"open","ping_status":"closed","template":"","meta":{"_acf_changed":false,"inline_featured_image":false},"product_brand":[],"product_cat":[605],"product_tag":[],"varum\u00e4rken":[],"class_list":{"0":"post-23441","1":"product","2":"type-product","3":"status-publish","4":"has-post-thumbnail","6":"product_cat-unioner-packningar","7":"has-post-title","8":"has-post-date","9":"has-post-category","10":"has-post-tag","11":"has-post-comment","12":"has-post-author","13":"","15":"first","16":"instock","17":"taxable","18":"shipping-taxable","19":"product-type-simple"},"acf":[],"_links":{"self":[{"href":"https:\/\/spasupport.se\/b2b\/wp-json\/wp\/v2\/product\/23441","targetHints":{"allow":["GET"]}}],"collection":[{"href":"https:\/\/spasupport.se\/b2b\/wp-json\/wp\/v2\/product"}],"about":[{"href":"https:\/\/spasupport.se\/b2b\/wp-json\/wp\/v2\/types\/product"}],"replies":[{"embeddable":true,"href":"https:\/\/spasupport.se\/b2b\/wp-json\/wp\/v2\/comments?post=23441"}],"wp:featuredmedia":[{"embeddable":true,"href":"https:\/\/spasupport.se\/b2b\/wp-json\/wp\/v2\/media\/23440"}],"wp:attachment":[{"href":"https:\/\/spasupport.se\/b2b\/wp-json\/wp\/v2\/media?parent=23441"}],"wp:term":[{"taxonomy":"product_brand","embeddable":true,"href":"https:\/\/spasupport.se\/b2b\/wp-json\/wp\/v2\/product_brand?post=23441"},{"taxonomy":"product_cat","embeddable":true,"href":"https:\/\/spasupport.se\/b2b\/wp-json\/wp\/v2\/product_cat?post=23441"},{"taxonomy":"product_tag","embeddable":true,"href":"https:\/\/spasupport.se\/b2b\/wp-json\/wp\/v2\/product_tag?post=23441"},{"taxonomy":"varum\u00e4rken","embeddable":true,"href":"https:\/\/spasupport.se\/b2b\/wp-json\/wp\/v2\/varum\u00e4rken?post=23441"}],"curies":[{"name":"wp","href":"https:\/\/api.w.org\/{rel}","templated":true}]}}