{"id":23461,"date":"2020-08-09T16:56:00","date_gmt":"2020-08-09T14:56:00","guid":{"rendered":"https:\/\/spasupport.se\/b2b\/product\/spa-klor-granulat-1kg-2\/"},"modified":"2024-03-11T11:57:49","modified_gmt":"2024-03-11T10:57:49","slug":"spaklor-granulat","status":"publish","type":"product","link":"https:\/\/spasupport.se\/b2b\/produkt\/spaklor-granulat\/","title":{"rendered":"Spaklor granulat"},"content":{"rendered":"<h3>Spaklor granulat<\/h3>\n<p>Spaklor granulat fr\u00e5n Delphin \u00e4r ett snabbl\u00f6sande klorranulat och passar perfekt f\u00f6r klorering av vattnet till ditt spabad.<br \/>\nVid desinfektion med klorbas b\u00f6r klorhalten alltid ligga inom omr\u00e5det 1,0 \u2013 3,0 mg\/l (ppm).<br \/>\nAnv\u00e4ndning av DELPHIN Spa Klor,\u00a0 <a href=\"\/produkt\/delphin-spa-quick-tabs-20g\/\">DELPHIN SPA Quick Tabs 20g<\/a> eller <a href=\"\/produkt\/delphin-spa-klor-tabs\">DELPHIN Spa Klor Tabs 20g<\/a> har i grunden samma funktion.<br \/>\nDet \u00e4r bara tillv\u00e4gag\u00e5ngss\u00e4ttet vid appliceringen av produkterna som skiljer dem \u00e5t.<\/p>\n<h3><a href=\"\/wp-content\/uploads\/pdf\/Delphin-Spa-Sk\u00f6tselguide-2020-utskrift.pdf\" target=\"_blank\" rel=\"noopener noreferrer\">Sk\u00f6tselguide<\/a><\/h3>\n<!--themify_builder_content-->\n<div id=\"themify_builder_content-23461\" data-postid=\"23461\" class=\"themify_builder_content themify_builder_content-23461 themify_builder tf_clear\">\n    <\/div>\n<!--\/themify_builder_content-->\n","protected":false},"excerpt":{"rendered":"<ul>\n<li>Snabbl\u00f6sande 1 kg granulat<\/li>\n<li>Vanlig klorering<\/li>\n<li>Chockklorering<\/li>\n<\/ul>\n","protected":false},"featured_media":23460,"comment_status":"open","ping_status":"closed","template":"","meta":{"_acf_changed":false,"inline_featured_image":false},"product_brand":[],"product_cat":[507],"product_tag":[530],"varum\u00e4rken":[],"class_list":{"0":"post-23461","1":"product","2":"type-product","3":"status-publish","4":"has-post-thumbnail","6":"product_cat-desinfektion","7":"product_tag-klor","8":"has-post-title","9":"has-post-date","10":"has-post-category","11":"has-post-tag","12":"has-post-comment","13":"has-post-author","14":"","16":"first","17":"instock","18":"taxable","19":"shipping-taxable","20":"product-type-simple"},"acf":[],"_links":{"self":[{"href":"https:\/\/spasupport.se\/b2b\/wp-json\/wp\/v2\/product\/23461","targetHints":{"allow":["GET"]}}],"collection":[{"href":"https:\/\/spasupport.se\/b2b\/wp-json\/wp\/v2\/product"}],"about":[{"href":"https:\/\/spasupport.se\/b2b\/wp-json\/wp\/v2\/types\/product"}],"replies":[{"embeddable":true,"href":"https:\/\/spasupport.se\/b2b\/wp-json\/wp\/v2\/comments?post=23461"}],"wp:featuredmedia":[{"embeddable":true,"href":"https:\/\/spasupport.se\/b2b\/wp-json\/wp\/v2\/media\/23460"}],"wp:attachment":[{"href":"https:\/\/spasupport.se\/b2b\/wp-json\/wp\/v2\/media?parent=23461"}],"wp:term":[{"taxonomy":"product_brand","embeddable":true,"href":"https:\/\/spasupport.se\/b2b\/wp-json\/wp\/v2\/product_brand?post=23461"},{"taxonomy":"product_cat","embeddable":true,"href":"https:\/\/spasupport.se\/b2b\/wp-json\/wp\/v2\/product_cat?post=23461"},{"taxonomy":"product_tag","embeddable":true,"href":"https:\/\/spasupport.se\/b2b\/wp-json\/wp\/v2\/product_tag?post=23461"},{"taxonomy":"varum\u00e4rken","embeddable":true,"href":"https:\/\/spasupport.se\/b2b\/wp-json\/wp\/v2\/varum\u00e4rken?post=23461"}],"curies":[{"name":"wp","href":"https:\/\/api.w.org\/{rel}","templated":true}]}}