{"id":23463,"date":"2020-08-09T16:56:00","date_gmt":"2020-08-09T14:56:00","guid":{"rendered":"https:\/\/spasupport.se\/b2b\/product\/spa-quick-tabs-20g-1kg-2\/"},"modified":"2024-03-11T07:49:43","modified_gmt":"2024-03-11T06:49:43","slug":"spa-quick-tabs-20g-1kg","status":"publish","type":"product","link":"https:\/\/spasupport.se\/b2b\/produkt\/spa-quick-tabs-20g-1kg\/","title":{"rendered":"Spaklor Quick Tabs"},"content":{"rendered":"<h2>Delphin Spa Quick Tabs 20g<\/h2>\n<p>Snabbl\u00f6sande 20 g klortabletter som anv\u00e4nds b\u00e5de till kontinuerlig klorering och chockklorering.<\/p>\n<p>Vid desinfektion med klorbas b\u00f6r klorhalten alltid ligga inom omr\u00e5det 1,0 \u2013 3,0 mg\/l (ppm). Anv\u00e4ndning av DELPHIN Spa Klor,\u00a0 DELPHIN SPA Quick Tabs 20g eller DELPHIN Spa Klor Tabs 20g har i grunden samma funktion. Det \u00e4r bara tillv\u00e4gag\u00e5ngss\u00e4ttet vid appliceringen av produkterna som skiljer dem \u00e5t.<\/p>\n<h3><a href=\"\/produkt\/delphin-spa-klor\/\">L\u00e4nk SpaKlor<\/a><\/h3>\n<h3><a href=\"\/produkt\/delphin-spa-klor-tabs\/\">L\u00e4nk Klor Tabs 20g<\/a><\/h3>\n<!--themify_builder_content-->\n<div id=\"themify_builder_content-23463\" data-postid=\"23463\" class=\"themify_builder_content themify_builder_content-23463 themify_builder tf_clear\">\n    <\/div>\n<!--\/themify_builder_content-->\n","protected":false},"excerpt":{"rendered":"<ul>\n<li>1 kg 50 st snabbl\u00f6sande tabletter \u00e1 20gram<\/li>\n<li>Vanlig klorering<\/li>\n<li>Chockklorering<\/li>\n<\/ul>\n","protected":false},"featured_media":23462,"comment_status":"open","ping_status":"closed","template":"","meta":{"_acf_changed":false,"inline_featured_image":false},"product_brand":[],"product_cat":[507],"product_tag":[530],"varum\u00e4rken":[],"class_list":{"0":"post-23463","1":"product","2":"type-product","3":"status-publish","4":"has-post-thumbnail","6":"product_cat-desinfektion","7":"product_tag-klor","8":"has-post-title","9":"has-post-date","10":"has-post-category","11":"has-post-tag","12":"has-post-comment","13":"has-post-author","14":"","16":"first","17":"instock","18":"taxable","19":"shipping-taxable","20":"product-type-simple"},"acf":[],"_links":{"self":[{"href":"https:\/\/spasupport.se\/b2b\/wp-json\/wp\/v2\/product\/23463","targetHints":{"allow":["GET"]}}],"collection":[{"href":"https:\/\/spasupport.se\/b2b\/wp-json\/wp\/v2\/product"}],"about":[{"href":"https:\/\/spasupport.se\/b2b\/wp-json\/wp\/v2\/types\/product"}],"replies":[{"embeddable":true,"href":"https:\/\/spasupport.se\/b2b\/wp-json\/wp\/v2\/comments?post=23463"}],"wp:featuredmedia":[{"embeddable":true,"href":"https:\/\/spasupport.se\/b2b\/wp-json\/wp\/v2\/media\/23462"}],"wp:attachment":[{"href":"https:\/\/spasupport.se\/b2b\/wp-json\/wp\/v2\/media?parent=23463"}],"wp:term":[{"taxonomy":"product_brand","embeddable":true,"href":"https:\/\/spasupport.se\/b2b\/wp-json\/wp\/v2\/product_brand?post=23463"},{"taxonomy":"product_cat","embeddable":true,"href":"https:\/\/spasupport.se\/b2b\/wp-json\/wp\/v2\/product_cat?post=23463"},{"taxonomy":"product_tag","embeddable":true,"href":"https:\/\/spasupport.se\/b2b\/wp-json\/wp\/v2\/product_tag?post=23463"},{"taxonomy":"varum\u00e4rken","embeddable":true,"href":"https:\/\/spasupport.se\/b2b\/wp-json\/wp\/v2\/varum\u00e4rken?post=23463"}],"curies":[{"name":"wp","href":"https:\/\/api.w.org\/{rel}","templated":true}]}}