{"id":23465,"date":"2020-08-09T16:56:00","date_gmt":"2020-08-09T14:56:00","guid":{"rendered":"https:\/\/spasupport.se\/b2b\/product\/spa-klor-tabs-20g-1kg-2\/"},"modified":"2024-03-13T10:43:04","modified_gmt":"2024-03-13T09:43:04","slug":"spa-klor-tabs-20g-1kg","status":"publish","type":"product","link":"https:\/\/spasupport.se\/b2b\/produkt\/spa-klor-tabs-20g-1kg\/","title":{"rendered":"Spa Klor Tabs 20g"},"content":{"rendered":"<h2>Delphin spa klor tabs<\/h2>\n<h3>L\u00e5ngsaml\u00f6sande klortabletter<\/h3>\n<p>Delphin SPA Klor Tabs anv\u00e4nds till kontinuerlig klorering. Rekommenderas om spabadet inte anv\u00e4nds under en period. Anv\u00e4nds med f\u00f6rdel tillsammans med en doseringsflott\u00f6r.<\/p>\n<p>Delphin Spa F\u00f6r dosering av Brom Tabs 20g eller Klor Tabs 20g. Anv\u00e4nds i f\u00f6rsta hand om manuell desinfektionshantering inte \u00e4r m\u00f6jlig t.ex. om man \u00e4r bortrest under en tid. I f\u00f6rsta hand rekommenderar vi manuell dosering med <a href=\"\/produkt\/delphin-spa-klor\/\">Spa klor<\/a>, <a href=\"\/produkt\/delphin-spa-quick-tabs-20g\/\">Spa Quick Tabs 20g<\/a>, Spa Shock, Spa Shock Tabs 20g eller Brom Tabs 20g.<\/p>\n<p>&nbsp;<\/p>\n<h3>Delphin SPA Klor Tabs rekommendationer.<\/h3>\n<p>Vid desinfektion med klorbas b\u00f6r klorhalten alltid ligga inom omr\u00e5det 1,0 \u2013 3,0 mg\/l (ppm). Anv\u00e4ndning av DELPHIN Spa Klor,\u00a0 DELPHIN SPA Quick Tabs 20g eller DELPHIN Spa Klor Tabs 20g har i grunden samma funktion. Det \u00e4r bara tillv\u00e4gag\u00e5ngss\u00e4ttet vid appliceringen av produkterna som skiljer dem \u00e5t.<\/p>\n<h3><a href=\"http:\/\/www.chemoform.se\/wp-content\/uploads\/2018\/04\/Delphin-Spa-Sk%C3%B6tselguide-2017-utskrift.pdf\" target=\"_blank\" rel=\"noopener noreferrer\">Sk\u00f6tselguide<\/a><\/h3>\n<!--themify_builder_content-->\n<div id=\"themify_builder_content-23465\" data-postid=\"23465\" class=\"themify_builder_content themify_builder_content-23465 themify_builder tf_clear\">\n    <\/div>\n<!--\/themify_builder_content-->\n","protected":false},"excerpt":{"rendered":"<ul>\n<li>1 kg 50 st l\u00e5ngsaml\u00f6sande tabletter \u00e1 20 gram<\/li>\n<li>Kontinuerlig klorering<\/li>\n<li>Anv\u00e4nds med eller utan flott\u00f6r<\/li>\n<\/ul>\n","protected":false},"featured_media":23464,"comment_status":"open","ping_status":"closed","template":"","meta":{"_acf_changed":false,"inline_featured_image":false},"product_brand":[],"product_cat":[507],"product_tag":[530],"varum\u00e4rken":[],"class_list":{"0":"post-23465","1":"product","2":"type-product","3":"status-publish","4":"has-post-thumbnail","6":"product_cat-desinfektion","7":"product_tag-klor","8":"has-post-title","9":"has-post-date","10":"has-post-category","11":"has-post-tag","12":"has-post-comment","13":"has-post-author","14":"","16":"first","17":"instock","18":"taxable","19":"shipping-taxable","20":"product-type-simple"},"acf":[],"_links":{"self":[{"href":"https:\/\/spasupport.se\/b2b\/wp-json\/wp\/v2\/product\/23465","targetHints":{"allow":["GET"]}}],"collection":[{"href":"https:\/\/spasupport.se\/b2b\/wp-json\/wp\/v2\/product"}],"about":[{"href":"https:\/\/spasupport.se\/b2b\/wp-json\/wp\/v2\/types\/product"}],"replies":[{"embeddable":true,"href":"https:\/\/spasupport.se\/b2b\/wp-json\/wp\/v2\/comments?post=23465"}],"wp:featuredmedia":[{"embeddable":true,"href":"https:\/\/spasupport.se\/b2b\/wp-json\/wp\/v2\/media\/23464"}],"wp:attachment":[{"href":"https:\/\/spasupport.se\/b2b\/wp-json\/wp\/v2\/media?parent=23465"}],"wp:term":[{"taxonomy":"product_brand","embeddable":true,"href":"https:\/\/spasupport.se\/b2b\/wp-json\/wp\/v2\/product_brand?post=23465"},{"taxonomy":"product_cat","embeddable":true,"href":"https:\/\/spasupport.se\/b2b\/wp-json\/wp\/v2\/product_cat?post=23465"},{"taxonomy":"product_tag","embeddable":true,"href":"https:\/\/spasupport.se\/b2b\/wp-json\/wp\/v2\/product_tag?post=23465"},{"taxonomy":"varum\u00e4rken","embeddable":true,"href":"https:\/\/spasupport.se\/b2b\/wp-json\/wp\/v2\/varum\u00e4rken?post=23465"}],"curies":[{"name":"wp","href":"https:\/\/api.w.org\/{rel}","templated":true}]}}