{"id":23467,"date":"2020-08-09T16:56:00","date_gmt":"2020-08-09T14:56:00","guid":{"rendered":"https:\/\/spasupport.se\/b2b\/product\/spa-oxi-booster-2\/"},"modified":"2024-03-13T20:37:35","modified_gmt":"2024-03-13T19:37:35","slug":"spa-oxi-booster","status":"publish","type":"product","link":"https:\/\/spasupport.se\/b2b\/produkt\/spa-oxi-booster\/","title":{"rendered":"SPA Oxi Booster"},"content":{"rendered":"<h2>Delphin Spa Oxi Booster<\/h2>\n<p>Delphin spa Oxi Booster \u00e4r en unik kombination av klor och aktivt syre f\u00f6r en mycket effektiv chockbehandling. Klorv\u00e4rdet h\u00f6js snabbt och desinficerar spabadsvattnet. V\u00e4rdet sjunker \u00e4ven snabbare \u00e4n vid vanligt klor och det \u00e4r d\u00e4rmed m\u00f6jligt att bada redan kort tid efter en chockbehandling.<\/p>\n<!--themify_builder_content-->\n<div id=\"themify_builder_content-23467\" data-postid=\"23467\" class=\"themify_builder_content themify_builder_content-23467 themify_builder tf_clear\">\n    <\/div>\n<!--\/themify_builder_content-->\n","protected":false},"excerpt":{"rendered":"<ul>\n<li>1 kg granulat f\u00f6r chockbehandling<br \/>\nefter bad<\/li>\n<li>Kombination av aktivt-syre och klor<\/li>\n<li>Kan \u00e4ven anv\u00e4ndas som vanligt klor<\/li>\n<\/ul>\n","protected":false},"featured_media":23466,"comment_status":"open","ping_status":"closed","template":"","meta":{"_acf_changed":false,"inline_featured_image":false},"product_brand":[],"product_cat":[507],"product_tag":[554],"varum\u00e4rken":[],"class_list":{"0":"post-23467","1":"product","2":"type-product","3":"status-publish","4":"has-post-thumbnail","6":"product_cat-desinfektion","7":"product_tag-aktivt-syre","8":"has-post-title","9":"has-post-date","10":"has-post-category","11":"has-post-tag","12":"has-post-comment","13":"has-post-author","14":"","16":"first","17":"instock","18":"taxable","19":"shipping-taxable","20":"product-type-simple"},"acf":[],"_links":{"self":[{"href":"https:\/\/spasupport.se\/b2b\/wp-json\/wp\/v2\/product\/23467","targetHints":{"allow":["GET"]}}],"collection":[{"href":"https:\/\/spasupport.se\/b2b\/wp-json\/wp\/v2\/product"}],"about":[{"href":"https:\/\/spasupport.se\/b2b\/wp-json\/wp\/v2\/types\/product"}],"replies":[{"embeddable":true,"href":"https:\/\/spasupport.se\/b2b\/wp-json\/wp\/v2\/comments?post=23467"}],"wp:featuredmedia":[{"embeddable":true,"href":"https:\/\/spasupport.se\/b2b\/wp-json\/wp\/v2\/media\/23466"}],"wp:attachment":[{"href":"https:\/\/spasupport.se\/b2b\/wp-json\/wp\/v2\/media?parent=23467"}],"wp:term":[{"taxonomy":"product_brand","embeddable":true,"href":"https:\/\/spasupport.se\/b2b\/wp-json\/wp\/v2\/product_brand?post=23467"},{"taxonomy":"product_cat","embeddable":true,"href":"https:\/\/spasupport.se\/b2b\/wp-json\/wp\/v2\/product_cat?post=23467"},{"taxonomy":"product_tag","embeddable":true,"href":"https:\/\/spasupport.se\/b2b\/wp-json\/wp\/v2\/product_tag?post=23467"},{"taxonomy":"varum\u00e4rken","embeddable":true,"href":"https:\/\/spasupport.se\/b2b\/wp-json\/wp\/v2\/varum\u00e4rken?post=23467"}],"curies":[{"name":"wp","href":"https:\/\/api.w.org\/{rel}","templated":true}]}}