{"id":23473,"date":"2020-08-09T16:56:01","date_gmt":"2020-08-09T14:56:01","guid":{"rendered":"https:\/\/spasupport.se\/b2b\/product\/spa-brom-tabs-2\/"},"modified":"2024-03-13T15:15:06","modified_gmt":"2024-03-13T14:15:06","slug":"spa-brom-tabs","status":"publish","type":"product","link":"https:\/\/spasupport.se\/b2b\/produkt\/spa-brom-tabs\/","title":{"rendered":"Spa Brom Tabs"},"content":{"rendered":"<h2>Delphin Spa Brom Tabs 20 g<\/h2>\n<p>Delphin Spa Brom Tabs 20g bromtabletter f\u00f6r kontinuerlig desinfektion och ska anv\u00e4ndas i kombination med <a href=\"\/produkt\/spa-shock-support\/\">Delphin Spa Shock Support.<\/a><\/p>\n<p>Delphin Spa Brom Tabs 20g arbetar med brom som bas f\u00f6r desinfektionssystemet. Kan med f\u00f6rdel anv\u00e4ndas\/doseras till vattnet med en <a href=\"\/produkt\/doseringsflottor\/\">flott\u00f6r.\u00a0<\/a><\/p>\n<!--themify_builder_content-->\n<div id=\"themify_builder_content-23473\" data-postid=\"23473\" class=\"themify_builder_content themify_builder_content-23473 themify_builder tf_clear\">\n    <\/div>\n<!--\/themify_builder_content-->\n","protected":false},"excerpt":{"rendered":"<ul>\n<li>1 kg 50 st l\u00e5ngsaml\u00f6sande tabletter \u00e1 20 gram<\/li>\n<li>Klorfritt brom-baserat<\/li>\n<li>Anv\u00e4nds i kombination med Delphin Spa Shock Support<\/li>\n<\/ul>\n","protected":false},"featured_media":23472,"comment_status":"open","ping_status":"closed","template":"","meta":{"_acf_changed":false,"inline_featured_image":false},"product_brand":[],"product_cat":[507],"product_tag":[553],"varum\u00e4rken":[],"class_list":{"0":"post-23473","1":"product","2":"type-product","3":"status-publish","4":"has-post-thumbnail","6":"product_cat-desinfektion","7":"product_tag-brom","8":"has-post-title","9":"has-post-date","10":"has-post-category","11":"has-post-tag","12":"has-post-comment","13":"has-post-author","14":"","16":"first","17":"instock","18":"taxable","19":"shipping-taxable","20":"product-type-simple"},"acf":[],"_links":{"self":[{"href":"https:\/\/spasupport.se\/b2b\/wp-json\/wp\/v2\/product\/23473","targetHints":{"allow":["GET"]}}],"collection":[{"href":"https:\/\/spasupport.se\/b2b\/wp-json\/wp\/v2\/product"}],"about":[{"href":"https:\/\/spasupport.se\/b2b\/wp-json\/wp\/v2\/types\/product"}],"replies":[{"embeddable":true,"href":"https:\/\/spasupport.se\/b2b\/wp-json\/wp\/v2\/comments?post=23473"}],"wp:featuredmedia":[{"embeddable":true,"href":"https:\/\/spasupport.se\/b2b\/wp-json\/wp\/v2\/media\/23472"}],"wp:attachment":[{"href":"https:\/\/spasupport.se\/b2b\/wp-json\/wp\/v2\/media?parent=23473"}],"wp:term":[{"taxonomy":"product_brand","embeddable":true,"href":"https:\/\/spasupport.se\/b2b\/wp-json\/wp\/v2\/product_brand?post=23473"},{"taxonomy":"product_cat","embeddable":true,"href":"https:\/\/spasupport.se\/b2b\/wp-json\/wp\/v2\/product_cat?post=23473"},{"taxonomy":"product_tag","embeddable":true,"href":"https:\/\/spasupport.se\/b2b\/wp-json\/wp\/v2\/product_tag?post=23473"},{"taxonomy":"varum\u00e4rken","embeddable":true,"href":"https:\/\/spasupport.se\/b2b\/wp-json\/wp\/v2\/varum\u00e4rken?post=23473"}],"curies":[{"name":"wp","href":"https:\/\/api.w.org\/{rel}","templated":true}]}}