{"id":23493,"date":"2020-08-09T16:56:10","date_gmt":"2020-08-09T14:56:10","guid":{"rendered":"https:\/\/spasupport.se\/b2b\/product\/temperaturgivare-spavarmare-balboa-2\/"},"modified":"2024-02-05T18:04:50","modified_gmt":"2024-02-05T17:04:50","slug":"temperaturgivare-spavarmare-balboa","status":"publish","type":"product","link":"https:\/\/spasupport.se\/b2b\/produkt\/temperaturgivare-spavarmare-balboa\/","title":{"rendered":"Temperaturgivare"},"content":{"rendered":"<h3>Temperaturgivare till Spav\u00e4rmare Balboa<\/h3>\n<p>Balboa original sensor f\u00f6r alla v\u00e4rmare med M7 och M8 teknik. Passar till exempel den absolut vanligaste Balboa 3kW v\u00e4rmaren 58118 (som sedan 2020 har nytt nummer 58107)<\/p>\n<!--themify_builder_content-->\n<div id=\"themify_builder_content-23493\" data-postid=\"23493\" class=\"themify_builder_content themify_builder_content-23493 themify_builder tf_clear\">\n    <\/div>\n<!--\/themify_builder_content-->\n","protected":false},"excerpt":{"rendered":"<ul>\n<li>S\u00e4kerhet! Balboa original<\/li>\n<li>N\u00f6dv\u00e4ndiga packningar ing\u00e5r<\/li>\n<li>Till spav\u00e4rmare med M7 &amp; M8 teknik<\/li>\n<\/ul>\n","protected":false},"featured_media":23492,"comment_status":"open","ping_status":"closed","template":"","meta":{"_acf_changed":false,"inline_featured_image":false},"product_brand":[],"product_cat":[604],"product_tag":[],"varum\u00e4rken":[],"class_list":{"0":"post-23493","1":"product","2":"type-product","3":"status-publish","4":"has-post-thumbnail","6":"product_cat-sensorer","7":"has-post-title","8":"has-post-date","9":"has-post-category","10":"has-post-tag","11":"has-post-comment","12":"has-post-author","13":"","15":"first","16":"instock","17":"taxable","18":"shipping-taxable","19":"product-type-simple"},"acf":[],"_links":{"self":[{"href":"https:\/\/spasupport.se\/b2b\/wp-json\/wp\/v2\/product\/23493","targetHints":{"allow":["GET"]}}],"collection":[{"href":"https:\/\/spasupport.se\/b2b\/wp-json\/wp\/v2\/product"}],"about":[{"href":"https:\/\/spasupport.se\/b2b\/wp-json\/wp\/v2\/types\/product"}],"replies":[{"embeddable":true,"href":"https:\/\/spasupport.se\/b2b\/wp-json\/wp\/v2\/comments?post=23493"}],"wp:featuredmedia":[{"embeddable":true,"href":"https:\/\/spasupport.se\/b2b\/wp-json\/wp\/v2\/media\/23492"}],"wp:attachment":[{"href":"https:\/\/spasupport.se\/b2b\/wp-json\/wp\/v2\/media?parent=23493"}],"wp:term":[{"taxonomy":"product_brand","embeddable":true,"href":"https:\/\/spasupport.se\/b2b\/wp-json\/wp\/v2\/product_brand?post=23493"},{"taxonomy":"product_cat","embeddable":true,"href":"https:\/\/spasupport.se\/b2b\/wp-json\/wp\/v2\/product_cat?post=23493"},{"taxonomy":"product_tag","embeddable":true,"href":"https:\/\/spasupport.se\/b2b\/wp-json\/wp\/v2\/product_tag?post=23493"},{"taxonomy":"varum\u00e4rken","embeddable":true,"href":"https:\/\/spasupport.se\/b2b\/wp-json\/wp\/v2\/varum\u00e4rken?post=23493"}],"curies":[{"name":"wp","href":"https:\/\/api.w.org\/{rel}","templated":true}]}}