{"id":23746,"date":"2020-08-09T16:55:53","date_gmt":"2020-08-09T14:55:53","guid":{"rendered":"https:\/\/spasupport.se\/b2b\/product\/balboa-system-gs500z-3kw-2\/"},"modified":"2023-12-30T16:32:26","modified_gmt":"2023-12-30T15:32:26","slug":"balboa-gs500z-3kw","status":"publish","type":"product","link":"https:\/\/spasupport.se\/b2b\/produkt\/balboa-gs500z-3kw\/","title":{"rendered":"Balboa GS500Z"},"content":{"rendered":"<h3>Balboa GS500Z 3kW<\/h3>\n<p>Balboa GS500Z 3kW spa kontrollsystem \u00e4r ett utm\u00e4rkt alternativ f\u00f6r eftermontering p\u00e5 \u00e4ldre spabad om original utrustningen har slutat fungera. Alla Balboa GS styrboxar anv\u00e4nder Balboas patenterade M7-teknologi som eliminerar tryckbrytare eller fl\u00f6desbrytare och anv\u00e4nder M7 temperatur sensorer i st\u00e4llet. Utrustningen ansluts till styrsystemet med AMP-kontakter. Styrboxen har\u00a0 inbyggd 3 kW v\u00e4rmare och kan anslutas till 1, 2 eller 3-fas 16 eller 32A. <b>Det enda som skiljer detta kontrollsystem fr\u00e5n Balboa <a href=\"\/produkt\/balboa-gs500z-2kw\/\">GS500Z 2kW<\/a> \u00e4r att v\u00e4rmaren p\u00e5 detta system har effekten 3kW.\u00a0<\/b>Vi saluf\u00f6r inte Balboa 2 kW v\u00e4rmare utan rekommenderar alltid minst 3 kW effekt p\u00e5 v\u00e4rmaren.<\/p>\n<h3>Komponenter i styrboxen<\/h3>\n<p>Alla komponenter i Balboa GS500Z styrbox kan k\u00f6pas separat, delarna hittar du h\u00e4r.<\/p>\n<ul>\n<li><a href=\"\/produkt\/huvudkort-gs5xxz-balboa\/\"><strong>Balboa kretskort till GS500Z<\/strong><\/a><\/li>\n<li><a href=\"\/produkt\/balboa-3-kw-varmare\/\"><strong>V\u00e4rmare med 800 legering 3kW<\/strong><\/a><\/li>\n<li><a href=\"\/produkt\/varmare-4-kw-balboa\/\"><strong>V\u00e4rmare med 825 legering 4kW<\/strong><\/a><\/li>\n<li><a href=\"\/produkt\/balboa-3-kw-varmare-titanium\/\"><strong>V\u00e4rmare med Titanium legering 3kW<\/strong><\/a><\/li>\n<\/ul>\n<hr \/>\n<p>&nbsp;<\/p>\n<h3>Paneler som passar<\/h3>\n<ul>\n<li><a href=\"\/produkt\/balboa-styrpanel-vl-200-b-j-t-l\/\"><strong>Balboa Panel VL-200<\/strong><\/a><\/li>\n<li><a href=\"\/produkt\/balboa-styrpanel-vl-200-j-t-l\/\"><strong>Balboa Panel VL-200<\/strong><\/a><\/li>\n<li><a href=\"\/produkt\/balboa-panel-vl-400\/\"><strong>Balboa Panel VL-400<\/strong><\/a><\/li>\n<li><a href=\"\/produkt\/balboa-panel-vl-401\/\"><strong>Balboa Panel VL-401<\/strong><\/a><\/li>\n<li><a href=\"\/produkt\/balboa-panel-vl-401-2\/\"><strong>Balboa Panel VL-401<\/strong><\/a><\/li>\n<li><a href=\"\/produkt\/balboa-panel-vl-402\/\"><strong>Balboa Panel VL-402<\/strong><\/a><\/li>\n<\/ul>\n<hr \/>\n<p>&nbsp;<\/p>\n<h3>Standard ekonomi eller sleep mode<\/h3>\n<p>Styrboxen som ocks\u00e5 kallas kontrollsystem kan st\u00e4llas i olika l\u00e4gen f\u00f6r att spara p\u00e5 elf\u00f6rbrukningen. Kontrollsystemet har tre olika driftl\u00e4gen, standard &#8221;STD&#8221;, ekonomi &#8221;Ecn&#8221; eller Sleep Mode &#8221;SLP&#8221;. Dessa olika drifts l\u00e4gen beskrivs utf\u00f6rligt i GS500Z anv\u00e4ndare manual som finns l\u00e4ngre ner p\u00e5 sidan eller under fliken dokument.<\/p>\n<h3>Konfiguration<\/h3>\n<p>Styrbox GS500Z kan konfigureras p\u00e5 f\u00f6ljande s\u00e4tt.<\/p>\n<p>230 V pump 1 | 1 eller 2 hastigheter<br \/>\n230 V ozone eller UV lampa<br \/>\n10 V Belysning<br \/>\n230 V radio<br \/>\n3 kW (800 incoloy) v\u00e4rmare<br \/>\n230 V cirkulationspump<\/p>\n<h3>Str\u00f6mf\u00f6rs\u00f6rjning:<\/h3>\n<p>1. 230 V 50Hz 1&#215;16-32A<br \/>\n2. 230 V 50Hz 2x16A<br \/>\n3. 230 V 50Hz 3x16A<\/p>\n<h3>Manualer<\/h3>\n<p>&nbsp;<\/p>\n<ul>\n<li><a href=\"https:\/\/spasupport.se\/wp-content\/uploads\/2022\/12\/balboa-gs500z-manual.pdf\" target=\"_blank\" rel=\"noopener\"><strong>Ladda ner installations manual h\u00e4r<\/strong><\/a><\/li>\n<li><a href=\"\/wp-content\/uploads\/2022\/12\/balboa-gs500z-user-guide.pdf\" target=\"_blank\" rel=\"noopener\"><strong>Ladda ner anv\u00e4ndare manual h\u00e4r<\/strong><\/a><\/li>\n<\/ul>\n<p>I Balboa GS500Z anv\u00e4ndare manual kan man se inst\u00e4llningar som &#8221;sleep mode&#8221; och &#8221;eco mode&#8221; samt se olika felkoder.<\/p>\n<!--themify_builder_content-->\n<div id=\"themify_builder_content-23746\" data-postid=\"23746\" class=\"themify_builder_content themify_builder_content-23746 themify_builder tf_clear\">\n    <\/div>\n<!--\/themify_builder_content-->\n","protected":false},"excerpt":{"rendered":"<ul>\n<li>1 pump<\/li>\n<li>1-3 fas<\/li>\n<\/ul>\n","protected":false},"featured_media":25427,"comment_status":"open","ping_status":"closed","template":"","meta":{"_acf_changed":false,"inline_featured_image":false},"product_brand":[],"product_cat":[565],"product_tag":[],"varum\u00e4rken":[],"class_list":{"0":"post-23746","1":"product","2":"type-product","3":"status-publish","4":"has-post-thumbnail","6":"product_cat-styrboxar","7":"pa_modell-gs-500-system","8":"has-post-title","9":"has-post-date","10":"has-post-category","11":"has-post-tag","12":"has-post-comment","13":"has-post-author","14":"","16":"first","17":"outofstock","18":"taxable","19":"shipping-taxable","20":"product-type-simple"},"acf":[],"_links":{"self":[{"href":"https:\/\/spasupport.se\/b2b\/wp-json\/wp\/v2\/product\/23746","targetHints":{"allow":["GET"]}}],"collection":[{"href":"https:\/\/spasupport.se\/b2b\/wp-json\/wp\/v2\/product"}],"about":[{"href":"https:\/\/spasupport.se\/b2b\/wp-json\/wp\/v2\/types\/product"}],"replies":[{"embeddable":true,"href":"https:\/\/spasupport.se\/b2b\/wp-json\/wp\/v2\/comments?post=23746"}],"wp:featuredmedia":[{"embeddable":true,"href":"https:\/\/spasupport.se\/b2b\/wp-json\/wp\/v2\/media\/25427"}],"wp:attachment":[{"href":"https:\/\/spasupport.se\/b2b\/wp-json\/wp\/v2\/media?parent=23746"}],"wp:term":[{"taxonomy":"product_brand","embeddable":true,"href":"https:\/\/spasupport.se\/b2b\/wp-json\/wp\/v2\/product_brand?post=23746"},{"taxonomy":"product_cat","embeddable":true,"href":"https:\/\/spasupport.se\/b2b\/wp-json\/wp\/v2\/product_cat?post=23746"},{"taxonomy":"product_tag","embeddable":true,"href":"https:\/\/spasupport.se\/b2b\/wp-json\/wp\/v2\/product_tag?post=23746"},{"taxonomy":"varum\u00e4rken","embeddable":true,"href":"https:\/\/spasupport.se\/b2b\/wp-json\/wp\/v2\/varum\u00e4rken?post=23746"}],"curies":[{"name":"wp","href":"https:\/\/api.w.org\/{rel}","templated":true}]}}