{"id":23797,"date":"2020-08-09T16:55:53","date_gmt":"2020-08-09T14:55:53","guid":{"rendered":"https:\/\/spasupport.se\/b2b\/product\/balboa-system-gs510dz-2\/"},"modified":"2024-01-18T11:25:15","modified_gmt":"2024-01-18T10:25:15","slug":"balboa-gs510dz","status":"publish","type":"product","link":"https:\/\/spasupport.se\/b2b\/produkt\/balboa-gs510dz\/","title":{"rendered":"Balboa GS510DZ"},"content":{"rendered":"<h3>Balboa GS510DZ<\/h3>\n<p>Balboa GS510DZ spa kontrollsystem \u00e4r ett utm\u00e4rkt alternativ f\u00f6r eftermontering p\u00e5 \u00e4ldre spabad om original utrustningen har slutat fungera. Alla Balboa GS styrboxar anv\u00e4nder Balboas patenterade M7-teknologi som eliminerar tryckbrytare eller fl\u00f6desbrytare och anv\u00e4nder M7 temperatur sensorer i st\u00e4llet. Utrustningen ansluts till styrsystemet med AMP-kontakter. Styrboxen har\u00a0 inbyggd 3 kW v\u00e4rmare och kan anslutas till 1, 2 eller 3-fas 16 eller 32A.<\/p>\n<h3>Komponenter i styrboxen<\/h3>\n<p>Alla komponenter i Balboa GS510DZ styrbox kan k\u00f6pas separat, delarna hittar du h\u00e4r.<\/p>\n<ul>\n<li><a href=\"\/produkt\/gs510dz-balboa\/\"><strong>Balboa kretskort till GS510DZ<\/strong><\/a><\/li>\n<li><strong><a href=\"\/produkt\/expansionskort-balboa-gs510dz\/\">Balboa extrakort till GS510DZ<\/a><\/strong><\/li>\n<li><strong><a href=\"\/produkt\/balboa-3-kw-varmare\/\">V\u00e4rmare med 800 legering 3kW<\/a><\/strong><\/li>\n<li><strong><a href=\"\/produkt\/varmare-4-kw-balboa\/\">V\u00e4rmare med 825 legering 4kW<\/a><\/strong><\/li>\n<li><strong><a href=\"\/produkt\/balboa-3-kw-varmare-titanium\/\">V\u00e4rmare med Titanium legering 3kW<\/a><\/strong><\/li>\n<\/ul>\n<h3>Paneler som passar<\/h3>\n<ul>\n<li><a href=\"\/produkt\/balboa-panel-vl-801d\/\"><strong>Balboa Panel VL-801D<\/strong><\/a><\/li>\n<li><strong><a href=\"\/produkt\/balboa-panel-vl-802\/\">Balboa Panel VL-802D<\/a><\/strong><\/li>\n<\/ul>\n<h3>Standard ekonomi eller sleep mode<\/h3>\n<p>Styrboxen som ocks\u00e5 kallas kontrollsystem kan st\u00e4llas i olika l\u00e4gen f\u00f6r att spara p\u00e5 elf\u00f6rbrukningen. Kontrollsystemet har tre olika driftl\u00e4gen, standard &#8221;STD&#8221;, ekonomi &#8221;Ecn&#8221; eller Sleep Mode &#8221;SLP&#8221;. Dessa olika drifts l\u00e4gen beskrivs utf\u00f6rligt i GS510DZ anv\u00e4ndare manual som finns l\u00e4ngre ner p\u00e5 sidan eller under fliken dokument.<\/p>\n<h3>Konfiguration<\/h3>\n<p>Styrbox GS510DZ kan konfigureras p\u00e5 f\u00f6ljande s\u00e4tt.<\/p>\n<p>230 V pump 1 |\u00a01 eller 2 hastigheter<br \/>\n230 V pump 2 |\u00a01 hastighet<br \/>\n230 V blower<br \/>\n230 V ozone eller UV lampa<br \/>\n10 V Belysning<br \/>\n230 V radio<br \/>\n3 kW (Incoloy 800) v\u00e4rmare<br \/>\n230 V cirkulationspump<\/p>\n<h3>Str\u00f6mf\u00f6rs\u00f6rjning:<\/h3>\n<p>1. 230 V 50Hz 1&#215;16-32A<br \/>\n2. 230 V 50Hz 2x16A<br \/>\n3. 230 V 50Hz 3x16A<\/p>\n<h3>Manualer<\/h3>\n<p><strong><a href=\"\/wp-content\/uploads\/2020\/08\/Balboa-GS510DZ-manual.pdf\" target=\"_blank\" rel=\"noopener\">Ladda ner installations manual h\u00e4r<\/a><\/strong><\/p>\n<p><strong><a href=\"\/wp-content\/uploads\/2020\/08\/balboa-gs510dz-user-guid.pdf\" target=\"_blank\" rel=\"noopener\">Ladda ner anv\u00e4ndare manual h\u00e4r<\/a><\/strong><\/p>\n<p>I Balboa GS510DZ anv\u00e4ndare manual kan man se inst\u00e4llningar som &#8221;sleep mode&#8221; och &#8221;eco mode&#8221; samt se olika felkoder.<\/p>\n<!--themify_builder_content-->\n<div id=\"themify_builder_content-23797\" data-postid=\"23797\" class=\"themify_builder_content themify_builder_content-23797 themify_builder tf_clear\">\n    <\/div>\n<!--\/themify_builder_content-->\n","protected":false},"excerpt":{"rendered":"<ul>\n<li>2 pumpar<\/li>\n<li>1 blower<\/li>\n<li>1-3 fas<\/li>\n<\/ul>\n","protected":false},"featured_media":25430,"comment_status":"open","ping_status":"closed","template":"","meta":{"_acf_changed":false,"inline_featured_image":false},"product_brand":[],"product_cat":[565],"product_tag":[802],"varum\u00e4rken":[],"class_list":{"0":"post-23797","1":"product","2":"type-product","3":"status-publish","4":"has-post-thumbnail","6":"product_cat-styrboxar","7":"product_tag-balboa-gs510dz","8":"pa_modell-gs-500-system","9":"has-post-title","10":"has-post-date","11":"has-post-category","12":"has-post-tag","13":"has-post-comment","14":"has-post-author","15":"","17":"first","18":"instock","19":"taxable","20":"shipping-taxable","21":"product-type-simple"},"acf":[],"_links":{"self":[{"href":"https:\/\/spasupport.se\/b2b\/wp-json\/wp\/v2\/product\/23797","targetHints":{"allow":["GET"]}}],"collection":[{"href":"https:\/\/spasupport.se\/b2b\/wp-json\/wp\/v2\/product"}],"about":[{"href":"https:\/\/spasupport.se\/b2b\/wp-json\/wp\/v2\/types\/product"}],"replies":[{"embeddable":true,"href":"https:\/\/spasupport.se\/b2b\/wp-json\/wp\/v2\/comments?post=23797"}],"wp:featuredmedia":[{"embeddable":true,"href":"https:\/\/spasupport.se\/b2b\/wp-json\/wp\/v2\/media\/25430"}],"wp:attachment":[{"href":"https:\/\/spasupport.se\/b2b\/wp-json\/wp\/v2\/media?parent=23797"}],"wp:term":[{"taxonomy":"product_brand","embeddable":true,"href":"https:\/\/spasupport.se\/b2b\/wp-json\/wp\/v2\/product_brand?post=23797"},{"taxonomy":"product_cat","embeddable":true,"href":"https:\/\/spasupport.se\/b2b\/wp-json\/wp\/v2\/product_cat?post=23797"},{"taxonomy":"product_tag","embeddable":true,"href":"https:\/\/spasupport.se\/b2b\/wp-json\/wp\/v2\/product_tag?post=23797"},{"taxonomy":"varum\u00e4rken","embeddable":true,"href":"https:\/\/spasupport.se\/b2b\/wp-json\/wp\/v2\/varum\u00e4rken?post=23797"}],"curies":[{"name":"wp","href":"https:\/\/api.w.org\/{rel}","templated":true}]}}