{"id":24139,"date":"2021-09-17T16:12:08","date_gmt":"2021-09-17T14:12:08","guid":{"rendered":"https:\/\/spasupport.se\/b2b\/product\/slimline-ring-jet-2%c2%bd\/"},"modified":"2023-08-18T10:29:02","modified_gmt":"2023-08-18T08:29:02","slug":"slimline-ring-jet-2%c2%bd","status":"publish","type":"product","link":"https:\/\/spasupport.se\/b2b\/produkt\/slimline-ring-jet-2%c2%bd\/","title":{"rendered":"Slimline Ring Jet 2\u00bd&#8221;"},"content":{"rendered":"<p>Baserad p\u00e5 Balboas ber\u00f6mda Slimline Jets L\u00e5g profil<\/p>\n<!--themify_builder_content-->\n<div id=\"themify_builder_content-24139\" data-postid=\"24139\" class=\"themify_builder_content themify_builder_content-24139 themify_builder tf_clear\">\n    <\/div>\n<!--\/themify_builder_content-->\n","protected":false},"excerpt":{"rendered":"<ul>\n<li>Slimline 2\u00bd&#8221;<\/li>\n<li>L\u00e5g profil<\/li>\n<li>Balboa original<\/li>\n<\/ul>\n","protected":false},"featured_media":24138,"comment_status":"open","ping_status":"closed","template":"","meta":{"_acf_changed":false,"inline_featured_image":false},"product_brand":[],"product_cat":[492],"product_tag":[],"varum\u00e4rken":[],"class_list":{"0":"post-24139","1":"product","2":"type-product","3":"status-publish","4":"has-post-thumbnail","6":"product_cat-jets","7":"has-post-title","8":"has-post-date","9":"has-post-category","10":"has-post-tag","11":"has-post-comment","12":"has-post-author","13":"","15":"first","16":"instock","17":"taxable","18":"shipping-taxable","19":"product-type-simple"},"acf":[],"_links":{"self":[{"href":"https:\/\/spasupport.se\/b2b\/wp-json\/wp\/v2\/product\/24139","targetHints":{"allow":["GET"]}}],"collection":[{"href":"https:\/\/spasupport.se\/b2b\/wp-json\/wp\/v2\/product"}],"about":[{"href":"https:\/\/spasupport.se\/b2b\/wp-json\/wp\/v2\/types\/product"}],"replies":[{"embeddable":true,"href":"https:\/\/spasupport.se\/b2b\/wp-json\/wp\/v2\/comments?post=24139"}],"wp:featuredmedia":[{"embeddable":true,"href":"https:\/\/spasupport.se\/b2b\/wp-json\/wp\/v2\/media\/24138"}],"wp:attachment":[{"href":"https:\/\/spasupport.se\/b2b\/wp-json\/wp\/v2\/media?parent=24139"}],"wp:term":[{"taxonomy":"product_brand","embeddable":true,"href":"https:\/\/spasupport.se\/b2b\/wp-json\/wp\/v2\/product_brand?post=24139"},{"taxonomy":"product_cat","embeddable":true,"href":"https:\/\/spasupport.se\/b2b\/wp-json\/wp\/v2\/product_cat?post=24139"},{"taxonomy":"product_tag","embeddable":true,"href":"https:\/\/spasupport.se\/b2b\/wp-json\/wp\/v2\/product_tag?post=24139"},{"taxonomy":"varum\u00e4rken","embeddable":true,"href":"https:\/\/spasupport.se\/b2b\/wp-json\/wp\/v2\/varum\u00e4rken?post=24139"}],"curies":[{"name":"wp","href":"https:\/\/api.w.org\/{rel}","templated":true}]}}