{"id":24242,"date":"2021-05-05T14:28:04","date_gmt":"2021-05-05T12:28:04","guid":{"rendered":"https:\/\/spasupport.se\/b2b\/product\/muff-3-4\/"},"modified":"2024-03-03T18:15:23","modified_gmt":"2024-03-03T17:15:23","slug":"muff-3-4","status":"publish","type":"product","link":"https:\/\/spasupport.se\/b2b\/produkt\/muff-3-4\/","title":{"rendered":"PVC Muff 3\/4&#8243; F\/F"},"content":{"rendered":"<p>Muff \u00be&#8221; (ca. 27mm) inv\u00e4ndigt m\u00e5tt (F) f\u00f6r t.ex. skarvning av \u00be&#8221; utv\u00e4ndig (M) koppling. Tillverkad av h\u00f6gkvalitativ PVC-plast<\/p>\n<!--themify_builder_content-->\n<div id=\"themify_builder_content-24242\" data-postid=\"24242\" class=\"themify_builder_content themify_builder_content-24242 themify_builder tf_clear\">\n    <\/div>\n<!--\/themify_builder_content-->\n","protected":false},"excerpt":{"rendered":"<ul>\n<li>\u00be\u2033 skarvkoppling<\/li>\n<li>Inv\u00e4ndig (F) \u00be\u201d i b\u00e5da \u00e4ndar<\/li>\n<li>\u00be&#8221; \u00e4r ca. 27 mm<\/li>\n<\/ul>\n","protected":false},"featured_media":25325,"comment_status":"open","ping_status":"closed","template":"","meta":{"_acf_changed":false,"inline_featured_image":false},"product_brand":[],"product_cat":[574],"product_tag":[],"varum\u00e4rken":[],"class_list":{"0":"post-24242","1":"product","2":"type-product","3":"status-publish","4":"has-post-thumbnail","6":"product_cat-kopplingar","7":"has-post-title","8":"has-post-date","9":"has-post-category","10":"has-post-tag","11":"has-post-comment","12":"has-post-author","13":"","15":"first","16":"instock","17":"taxable","18":"shipping-taxable","19":"product-type-simple"},"acf":[],"_links":{"self":[{"href":"https:\/\/spasupport.se\/b2b\/wp-json\/wp\/v2\/product\/24242","targetHints":{"allow":["GET"]}}],"collection":[{"href":"https:\/\/spasupport.se\/b2b\/wp-json\/wp\/v2\/product"}],"about":[{"href":"https:\/\/spasupport.se\/b2b\/wp-json\/wp\/v2\/types\/product"}],"replies":[{"embeddable":true,"href":"https:\/\/spasupport.se\/b2b\/wp-json\/wp\/v2\/comments?post=24242"}],"wp:featuredmedia":[{"embeddable":true,"href":"https:\/\/spasupport.se\/b2b\/wp-json\/wp\/v2\/media\/25325"}],"wp:attachment":[{"href":"https:\/\/spasupport.se\/b2b\/wp-json\/wp\/v2\/media?parent=24242"}],"wp:term":[{"taxonomy":"product_brand","embeddable":true,"href":"https:\/\/spasupport.se\/b2b\/wp-json\/wp\/v2\/product_brand?post=24242"},{"taxonomy":"product_cat","embeddable":true,"href":"https:\/\/spasupport.se\/b2b\/wp-json\/wp\/v2\/product_cat?post=24242"},{"taxonomy":"product_tag","embeddable":true,"href":"https:\/\/spasupport.se\/b2b\/wp-json\/wp\/v2\/product_tag?post=24242"},{"taxonomy":"varum\u00e4rken","embeddable":true,"href":"https:\/\/spasupport.se\/b2b\/wp-json\/wp\/v2\/varum\u00e4rken?post=24242"}],"curies":[{"name":"wp","href":"https:\/\/api.w.org\/{rel}","templated":true}]}}