{"id":24277,"date":"2021-06-23T19:14:32","date_gmt":"2021-06-23T17:14:32","guid":{"rendered":"https:\/\/spasupport.se\/b2b\/product\/pumpunion-2-svep\/"},"modified":"2024-01-01T14:47:54","modified_gmt":"2024-01-01T13:47:54","slug":"pumpunion-2-svep","status":"publish","type":"product","link":"https:\/\/spasupport.se\/b2b\/produkt\/pumpunion-2-svep\/","title":{"rendered":"Pumpunion 2&#8243;"},"content":{"rendered":"<p>2&#8243; pumpunion med 90 graders mjuk b\u00f6j f\u00f6r b\u00e4sta fl\u00f6de passar pumpar med 2&#8243; anslutning<\/p>\n<!--themify_builder_content-->\n<div id=\"themify_builder_content-24277\" data-postid=\"24277\" class=\"themify_builder_content themify_builder_content-24277 themify_builder tf_clear\">\n    <\/div>\n<!--\/themify_builder_content-->\n","protected":false},"excerpt":{"rendered":"<ul>\n<li>Svep f\u00f6r b\u00e4ttre fl\u00f6de<\/li>\n<li>2&#8243; pumpanslutning<\/li>\n<\/ul>\n","protected":false},"featured_media":24276,"comment_status":"open","ping_status":"closed","template":"","meta":{"_acf_changed":false,"inline_featured_image":false},"product_brand":[],"product_cat":[461],"product_tag":[],"varum\u00e4rken":[],"class_list":{"0":"post-24277","1":"product","2":"type-product","3":"status-publish","4":"has-post-thumbnail","6":"product_cat-kopplingar-till-pumpar","7":"has-post-title","8":"has-post-date","9":"has-post-category","10":"has-post-tag","11":"has-post-comment","12":"has-post-author","13":"","15":"first","16":"outofstock","17":"taxable","18":"shipping-taxable","19":"product-type-simple"},"acf":[],"_links":{"self":[{"href":"https:\/\/spasupport.se\/b2b\/wp-json\/wp\/v2\/product\/24277","targetHints":{"allow":["GET"]}}],"collection":[{"href":"https:\/\/spasupport.se\/b2b\/wp-json\/wp\/v2\/product"}],"about":[{"href":"https:\/\/spasupport.se\/b2b\/wp-json\/wp\/v2\/types\/product"}],"replies":[{"embeddable":true,"href":"https:\/\/spasupport.se\/b2b\/wp-json\/wp\/v2\/comments?post=24277"}],"wp:featuredmedia":[{"embeddable":true,"href":"https:\/\/spasupport.se\/b2b\/wp-json\/wp\/v2\/media\/24276"}],"wp:attachment":[{"href":"https:\/\/spasupport.se\/b2b\/wp-json\/wp\/v2\/media?parent=24277"}],"wp:term":[{"taxonomy":"product_brand","embeddable":true,"href":"https:\/\/spasupport.se\/b2b\/wp-json\/wp\/v2\/product_brand?post=24277"},{"taxonomy":"product_cat","embeddable":true,"href":"https:\/\/spasupport.se\/b2b\/wp-json\/wp\/v2\/product_cat?post=24277"},{"taxonomy":"product_tag","embeddable":true,"href":"https:\/\/spasupport.se\/b2b\/wp-json\/wp\/v2\/product_tag?post=24277"},{"taxonomy":"varum\u00e4rken","embeddable":true,"href":"https:\/\/spasupport.se\/b2b\/wp-json\/wp\/v2\/varum\u00e4rken?post=24277"}],"curies":[{"name":"wp","href":"https:\/\/api.w.org\/{rel}","templated":true}]}}