{"id":24377,"date":"2020-08-24T10:24:31","date_gmt":"2020-08-24T08:24:31","guid":{"rendered":"https:\/\/spasupport.se\/b2b\/product\/spa-antiklor\/"},"modified":"2024-03-11T11:57:51","modified_gmt":"2024-03-11T10:57:51","slug":"spa-antiklor","status":"publish","type":"product","link":"https:\/\/spasupport.se\/b2b\/produkt\/spa-antiklor\/","title":{"rendered":"Spa Antiklor"},"content":{"rendered":"<h3>Delphin Spa Antiklor<\/h3>\n<p>&nbsp;<\/p>\n<p>Delphin Spa Antiklor anv\u00e4nds om klorhalten blivit f\u00f6r h\u00f6g eller om man av misstag tillf\u00f6rt f\u00f6r mycket klor i spabadet.<\/p>\n<p>Vid ett f\u00f6r h\u00f6gt klorv\u00e4rde i spabadet s\u00e4nks \u00f6verskottet med Delphin Spa Antiklor.<\/p>\n<!--themify_builder_content-->\n<div id=\"themify_builder_content-24377\" data-postid=\"24377\" class=\"themify_builder_content themify_builder_content-24377 themify_builder tf_clear\">\n    <\/div>\n<!--\/themify_builder_content-->\n","protected":false},"excerpt":{"rendered":"<ul>\n<li>1 kg granulat<\/li>\n<li>S\u00e4nker och bryter ner \u00f6verskottsklor<\/li>\n<li>Efter chockklorering<\/li>\n<\/ul>\n","protected":false},"featured_media":24376,"comment_status":"open","ping_status":"closed","template":"","meta":{"_acf_changed":false,"inline_featured_image":false},"product_brand":[],"product_cat":[507],"product_tag":[530],"varum\u00e4rken":[],"class_list":{"0":"post-24377","1":"product","2":"type-product","3":"status-publish","4":"has-post-thumbnail","6":"product_cat-desinfektion","7":"product_tag-klor","8":"has-post-title","9":"has-post-date","10":"has-post-category","11":"has-post-tag","12":"has-post-comment","13":"has-post-author","14":"","16":"first","17":"instock","18":"taxable","19":"shipping-taxable","20":"product-type-simple"},"acf":[],"_links":{"self":[{"href":"https:\/\/spasupport.se\/b2b\/wp-json\/wp\/v2\/product\/24377","targetHints":{"allow":["GET"]}}],"collection":[{"href":"https:\/\/spasupport.se\/b2b\/wp-json\/wp\/v2\/product"}],"about":[{"href":"https:\/\/spasupport.se\/b2b\/wp-json\/wp\/v2\/types\/product"}],"replies":[{"embeddable":true,"href":"https:\/\/spasupport.se\/b2b\/wp-json\/wp\/v2\/comments?post=24377"}],"wp:featuredmedia":[{"embeddable":true,"href":"https:\/\/spasupport.se\/b2b\/wp-json\/wp\/v2\/media\/24376"}],"wp:attachment":[{"href":"https:\/\/spasupport.se\/b2b\/wp-json\/wp\/v2\/media?parent=24377"}],"wp:term":[{"taxonomy":"product_brand","embeddable":true,"href":"https:\/\/spasupport.se\/b2b\/wp-json\/wp\/v2\/product_brand?post=24377"},{"taxonomy":"product_cat","embeddable":true,"href":"https:\/\/spasupport.se\/b2b\/wp-json\/wp\/v2\/product_cat?post=24377"},{"taxonomy":"product_tag","embeddable":true,"href":"https:\/\/spasupport.se\/b2b\/wp-json\/wp\/v2\/product_tag?post=24377"},{"taxonomy":"varum\u00e4rken","embeddable":true,"href":"https:\/\/spasupport.se\/b2b\/wp-json\/wp\/v2\/varum\u00e4rken?post=24377"}],"curies":[{"name":"wp","href":"https:\/\/api.w.org\/{rel}","templated":true}]}}