{"id":25170,"date":"2023-01-04T11:03:22","date_gmt":"2023-01-04T10:03:22","guid":{"rendered":"https:\/\/spasupport.se\/b2b\/?post_type=product&#038;p=25170"},"modified":"2024-01-01T16:56:34","modified_gmt":"2024-01-01T15:56:34","slug":"overlay-vl701s","status":"publish","type":"product","link":"https:\/\/spasupport.se\/b2b\/produkt\/overlay-vl701s\/","title":{"rendered":"Overlay VL701S"},"content":{"rendered":"<h3>Overlay VL701S<\/h3>\n<p>&nbsp;<\/p>\n<p>Overlay VL701S till <strong><a href=\"\/produkt\/balboa-panel-vl-701s\/\">Balboa Spa Touch VL701S<\/a>\u00a0<\/strong>med max 2 pumpar och 1 blower.<br \/>\nDenna sj\u00e4lvh\u00e4ftande layout f\u00f6rekommer p\u00e5 Balboa kontrollsystem GS510SZ<\/p>\n<h3><\/h3>\n<h3>M\u00e5tt<\/h3>\n<p>L\u00e4ngd: 170 mm<br \/>\nH\u00f6jd: 68 mm<\/p>\n<!--themify_builder_content-->\n<div id=\"themify_builder_content-25170\" data-postid=\"25170\" class=\"themify_builder_content themify_builder_content-25170 themify_builder tf_clear\">\n    <\/div>\n<!--\/themify_builder_content-->\n","protected":false},"excerpt":{"rendered":"<ul>\n<li>Mode\/Prog<\/li>\n<li>Warm<\/li>\n<li>Cool<\/li>\n<li>Blower<\/li>\n<li>Light<\/li>\n<li>Jets 1<\/li>\n<li>Jets 2<\/li>\n<\/ul>\n","protected":false},"featured_media":25169,"comment_status":"open","ping_status":"closed","template":"","meta":{"_acf_changed":false,"inline_featured_image":false},"product_brand":[],"product_cat":[569],"product_tag":[],"varum\u00e4rken":[],"class_list":{"0":"post-25170","1":"product","2":"type-product","3":"status-publish","4":"has-post-thumbnail","6":"product_cat-panel-overlays","7":"has-post-title","8":"has-post-date","9":"has-post-category","10":"has-post-tag","11":"has-post-comment","12":"has-post-author","13":"","15":"first","16":"instock","17":"taxable","18":"shipping-taxable","19":"product-type-simple"},"acf":[],"_links":{"self":[{"href":"https:\/\/spasupport.se\/b2b\/wp-json\/wp\/v2\/product\/25170","targetHints":{"allow":["GET"]}}],"collection":[{"href":"https:\/\/spasupport.se\/b2b\/wp-json\/wp\/v2\/product"}],"about":[{"href":"https:\/\/spasupport.se\/b2b\/wp-json\/wp\/v2\/types\/product"}],"replies":[{"embeddable":true,"href":"https:\/\/spasupport.se\/b2b\/wp-json\/wp\/v2\/comments?post=25170"}],"wp:featuredmedia":[{"embeddable":true,"href":"https:\/\/spasupport.se\/b2b\/wp-json\/wp\/v2\/media\/25169"}],"wp:attachment":[{"href":"https:\/\/spasupport.se\/b2b\/wp-json\/wp\/v2\/media?parent=25170"}],"wp:term":[{"taxonomy":"product_brand","embeddable":true,"href":"https:\/\/spasupport.se\/b2b\/wp-json\/wp\/v2\/product_brand?post=25170"},{"taxonomy":"product_cat","embeddable":true,"href":"https:\/\/spasupport.se\/b2b\/wp-json\/wp\/v2\/product_cat?post=25170"},{"taxonomy":"product_tag","embeddable":true,"href":"https:\/\/spasupport.se\/b2b\/wp-json\/wp\/v2\/product_tag?post=25170"},{"taxonomy":"varum\u00e4rken","embeddable":true,"href":"https:\/\/spasupport.se\/b2b\/wp-json\/wp\/v2\/varum\u00e4rken?post=25170"}],"curies":[{"name":"wp","href":"https:\/\/api.w.org\/{rel}","templated":true}]}}