{"id":25233,"date":"2023-03-28T07:51:19","date_gmt":"2023-03-28T05:51:19","guid":{"rendered":"https:\/\/spasupport.se\/b2b\/produkt\/lx-dranerings-adapter-gammal\/"},"modified":"2024-01-15T11:03:10","modified_gmt":"2024-01-15T10:03:10","slug":"lx-dranerings-adapter-gammal","status":"publish","type":"product","link":"https:\/\/spasupport.se\/b2b\/produkt\/lx-dranerings-adapter-gammal\/","title":{"rendered":"LX Dr\u00e4nerings Adapter Gammal"},"content":{"rendered":"<h3>LX Dr\u00e4nerings Adapter Gammal<\/h3>\n<p>LX Dr\u00e4nerings Adapter ers\u00e4tter original -pluggen p\u00e5 frontplattan p\u00e5 en LX Whirlpool -pump.<\/p>\n<p>Anv\u00e4nds f\u00f6r att ansluta en slang som hj\u00e4lper till att avlufta pumpen.<\/p>\n<h3>M\u00e5tt<\/h3>\n<p>Diameter p\u00e5 den g\u00e4ngade sidan \u00e4r 11 mm<br \/>\nDiameter p\u00e5 slang -anslutnings sidan \u00e4r 11 mm<\/p>\n<h3>Viktigt att veta<\/h3>\n<p>LX Whirlpool har bytt typ av g\u00e4nga som anv\u00e4ndes p\u00e5 \u00e4ldre pumpar f\u00f6r n\u00e5gra \u00e5r sedan. Denna adaptern passar endast den nya g\u00e4ngan p\u00e5 de nya pumparna.<br \/>\nDet g\u00e5r att skilja de tv\u00e5 typerna fr\u00e5n varandra, adaptrarna har en bokstav gjuten i plasten: <strong>N f\u00f6r den nya typen och M f\u00f6r den gamla<\/strong>.<br \/>\nDen gamla typen av adapter tillverkas inte l\u00e4ngre.<\/p>\n<!--themify_builder_content-->\n<div id=\"themify_builder_content-25233\" data-postid=\"25233\" class=\"themify_builder_content themify_builder_content-25233 themify_builder tf_clear\">\n    <\/div>\n<!--\/themify_builder_content-->\n","protected":false},"excerpt":{"rendered":"<ul>\n<li>Utv\u00e4ndig g\u00e4nga 11 mm<\/li>\n<li>Slanganslutning ca. 11 mm utv.<\/li>\n<\/ul>\n","protected":false},"featured_media":25518,"comment_status":"open","ping_status":"closed","template":"","meta":{"_acf_changed":false,"inline_featured_image":false},"product_brand":[],"product_cat":[461],"product_tag":[],"varum\u00e4rken":[],"class_list":{"0":"post-25233","1":"product","2":"type-product","3":"status-publish","4":"has-post-thumbnail","6":"product_cat-kopplingar-till-pumpar","7":"has-post-title","8":"has-post-date","9":"has-post-category","10":"has-post-tag","11":"has-post-comment","12":"has-post-author","13":"","15":"first","16":"outofstock","17":"taxable","18":"shipping-taxable","19":"product-type-simple"},"acf":[],"_links":{"self":[{"href":"https:\/\/spasupport.se\/b2b\/wp-json\/wp\/v2\/product\/25233","targetHints":{"allow":["GET"]}}],"collection":[{"href":"https:\/\/spasupport.se\/b2b\/wp-json\/wp\/v2\/product"}],"about":[{"href":"https:\/\/spasupport.se\/b2b\/wp-json\/wp\/v2\/types\/product"}],"replies":[{"embeddable":true,"href":"https:\/\/spasupport.se\/b2b\/wp-json\/wp\/v2\/comments?post=25233"}],"wp:featuredmedia":[{"embeddable":true,"href":"https:\/\/spasupport.se\/b2b\/wp-json\/wp\/v2\/media\/25518"}],"wp:attachment":[{"href":"https:\/\/spasupport.se\/b2b\/wp-json\/wp\/v2\/media?parent=25233"}],"wp:term":[{"taxonomy":"product_brand","embeddable":true,"href":"https:\/\/spasupport.se\/b2b\/wp-json\/wp\/v2\/product_brand?post=25233"},{"taxonomy":"product_cat","embeddable":true,"href":"https:\/\/spasupport.se\/b2b\/wp-json\/wp\/v2\/product_cat?post=25233"},{"taxonomy":"product_tag","embeddable":true,"href":"https:\/\/spasupport.se\/b2b\/wp-json\/wp\/v2\/product_tag?post=25233"},{"taxonomy":"varum\u00e4rken","embeddable":true,"href":"https:\/\/spasupport.se\/b2b\/wp-json\/wp\/v2\/varum\u00e4rken?post=25233"}],"curies":[{"name":"wp","href":"https:\/\/api.w.org\/{rel}","templated":true}]}}