{"id":25268,"date":"2023-04-26T16:06:06","date_gmt":"2023-04-26T14:06:06","guid":{"rendered":"https:\/\/spasupport.se\/b2b\/produkt\/varmaradapter-1-1-2-tum\/"},"modified":"2023-12-11T18:45:51","modified_gmt":"2023-12-11T17:45:51","slug":"varmaradapter-1-1-2-tum","status":"publish","type":"product","link":"https:\/\/spasupport.se\/b2b\/produkt\/varmaradapter-1-1-2-tum\/","title":{"rendered":"V\u00e4rmaradapter 1 1\/2 tum"},"content":{"rendered":"<h3>V\u00e4rmaradapter 1 1\/2&#8243; tum till Balboa spabadsv\u00e4rmare<\/h3>\n<p>Standard 1 1\/5&#8243; tums anslutning till Balboa v\u00e4rmare. Denna anslutningsadapter sitter som original p\u00e5 alla v\u00e5ra utbytesv\u00e4rmare.<\/p>\n<p>Inv\u00e4ndigt 48 mm f\u00f6r 1 1\/2&#8243; r\u00f6r och utv\u00e4ndig g\u00e4nga 62 mm\u00a0 1 1\/5&#8243; MBT.<\/p>\n<!--themify_builder_content-->\n<div id=\"themify_builder_content-25268\" data-postid=\"25268\" class=\"themify_builder_content themify_builder_content-25268 themify_builder tf_clear\">\n    <\/div>\n<!--\/themify_builder_content-->\n","protected":false},"excerpt":{"rendered":"<ul>\n<li>Standard 1 1\/2 tums anslutning<\/li>\n<li>Inv\u00e4ndigt 48 mm f\u00f6r 1 1\/2\u2033 r\u00f6r<\/li>\n<li>G\u00e4nga 62 mm 1 1\/2\u2033 MBT<\/li>\n<\/ul>\n","protected":false},"featured_media":25267,"comment_status":"open","ping_status":"closed","template":"","meta":{"_acf_changed":false,"inline_featured_image":false},"product_brand":[],"product_cat":[605],"product_tag":[],"varum\u00e4rken":[],"class_list":{"0":"post-25268","1":"product","2":"type-product","3":"status-publish","4":"has-post-thumbnail","6":"product_cat-unioner-packningar","7":"has-post-title","8":"has-post-date","9":"has-post-category","10":"has-post-tag","11":"has-post-comment","12":"has-post-author","13":"","15":"first","16":"instock","17":"taxable","18":"shipping-taxable","19":"product-type-simple"},"acf":[],"_links":{"self":[{"href":"https:\/\/spasupport.se\/b2b\/wp-json\/wp\/v2\/product\/25268","targetHints":{"allow":["GET"]}}],"collection":[{"href":"https:\/\/spasupport.se\/b2b\/wp-json\/wp\/v2\/product"}],"about":[{"href":"https:\/\/spasupport.se\/b2b\/wp-json\/wp\/v2\/types\/product"}],"replies":[{"embeddable":true,"href":"https:\/\/spasupport.se\/b2b\/wp-json\/wp\/v2\/comments?post=25268"}],"wp:featuredmedia":[{"embeddable":true,"href":"https:\/\/spasupport.se\/b2b\/wp-json\/wp\/v2\/media\/25267"}],"wp:attachment":[{"href":"https:\/\/spasupport.se\/b2b\/wp-json\/wp\/v2\/media?parent=25268"}],"wp:term":[{"taxonomy":"product_brand","embeddable":true,"href":"https:\/\/spasupport.se\/b2b\/wp-json\/wp\/v2\/product_brand?post=25268"},{"taxonomy":"product_cat","embeddable":true,"href":"https:\/\/spasupport.se\/b2b\/wp-json\/wp\/v2\/product_cat?post=25268"},{"taxonomy":"product_tag","embeddable":true,"href":"https:\/\/spasupport.se\/b2b\/wp-json\/wp\/v2\/product_tag?post=25268"},{"taxonomy":"varum\u00e4rken","embeddable":true,"href":"https:\/\/spasupport.se\/b2b\/wp-json\/wp\/v2\/varum\u00e4rken?post=25268"}],"curies":[{"name":"wp","href":"https:\/\/api.w.org\/{rel}","templated":true}]}}