{"id":25269,"date":"2023-04-26T16:15:32","date_gmt":"2023-04-26T14:15:32","guid":{"rendered":"https:\/\/spasupport.se\/b2b\/produkt\/packning-till-varmare-1-1-2-tum\/"},"modified":"2024-02-18T20:17:46","modified_gmt":"2024-02-18T19:17:46","slug":"packning-till-varmare-1-1-2-tum","status":"publish","type":"product","link":"https:\/\/spasupport.se\/b2b\/produkt\/packning-till-varmare-1-1-2-tum\/","title":{"rendered":"Packning till v\u00e4rmare 1 1\/2 tum"},"content":{"rendered":"<h3>Packning till Balboa v\u00e4rmare<\/h3>\n<p><strong>Dimensioner:<\/strong><\/p>\n<p>Innerdiameter: 41 mm<br \/>\nYtterdiameter: 59 mm<\/p>\n<p>Extra packning f\u00f6r delbar mutter till Balboa v\u00e4rmare. Passar Balboa 10 tums v\u00e4rmare med 1 1\/2 tums anslutning<\/p>\n<p><a href=\"https:\/\/spasupport.se\/produkt\/remote-htr-2kw-1-%c2%bdtum\/\"><img loading=\"lazy\" decoding=\"async\" class=\"alignnone size-medium wp-image-23539\" src=\"https:\/\/spasupport.se\/wp-content\/uploads\/2022\/04\/Balboa-Heater-58201-300x300.jpg\" alt=\"Balboa 2 kW Heater 58201\" width=\"300\" height=\"300\" \/><\/a><\/p>\n<p>&nbsp;<\/p>\n<!--themify_builder_content-->\n<div id=\"themify_builder_content-25269\" data-postid=\"25269\" class=\"themify_builder_content themify_builder_content-25269 themify_builder tf_clear\">\n    <\/div>\n<!--\/themify_builder_content-->\n","protected":false},"excerpt":{"rendered":"<ul>\n<li>S\u00e4ljs styckvis<\/li>\n<li>Passar alla Balboa 10 tums v\u00e4rmare<\/li>\n<\/ul>\n","protected":false},"featured_media":25517,"comment_status":"open","ping_status":"closed","template":"","meta":{"_acf_changed":false,"inline_featured_image":false},"product_brand":[],"product_cat":[605],"product_tag":[],"varum\u00e4rken":[],"class_list":{"0":"post-25269","1":"product","2":"type-product","3":"status-publish","4":"has-post-thumbnail","6":"product_cat-unioner-packningar","7":"has-post-title","8":"has-post-date","9":"has-post-category","10":"has-post-tag","11":"has-post-comment","12":"has-post-author","13":"","15":"first","16":"instock","17":"taxable","18":"shipping-taxable","19":"product-type-simple"},"acf":[],"_links":{"self":[{"href":"https:\/\/spasupport.se\/b2b\/wp-json\/wp\/v2\/product\/25269","targetHints":{"allow":["GET"]}}],"collection":[{"href":"https:\/\/spasupport.se\/b2b\/wp-json\/wp\/v2\/product"}],"about":[{"href":"https:\/\/spasupport.se\/b2b\/wp-json\/wp\/v2\/types\/product"}],"replies":[{"embeddable":true,"href":"https:\/\/spasupport.se\/b2b\/wp-json\/wp\/v2\/comments?post=25269"}],"wp:featuredmedia":[{"embeddable":true,"href":"https:\/\/spasupport.se\/b2b\/wp-json\/wp\/v2\/media\/25517"}],"wp:attachment":[{"href":"https:\/\/spasupport.se\/b2b\/wp-json\/wp\/v2\/media?parent=25269"}],"wp:term":[{"taxonomy":"product_brand","embeddable":true,"href":"https:\/\/spasupport.se\/b2b\/wp-json\/wp\/v2\/product_brand?post=25269"},{"taxonomy":"product_cat","embeddable":true,"href":"https:\/\/spasupport.se\/b2b\/wp-json\/wp\/v2\/product_cat?post=25269"},{"taxonomy":"product_tag","embeddable":true,"href":"https:\/\/spasupport.se\/b2b\/wp-json\/wp\/v2\/product_tag?post=25269"},{"taxonomy":"varum\u00e4rken","embeddable":true,"href":"https:\/\/spasupport.se\/b2b\/wp-json\/wp\/v2\/varum\u00e4rken?post=25269"}],"curies":[{"name":"wp","href":"https:\/\/api.w.org\/{rel}","templated":true}]}}