{"id":25595,"date":"2023-09-28T09:21:01","date_gmt":"2023-09-28T07:21:01","guid":{"rendered":"https:\/\/spasupport.se\/b2b\/produkt\/waterway-3-4-tum-metrisk-slangadapter\/"},"modified":"2023-11-03T14:36:41","modified_gmt":"2023-11-03T13:36:41","slug":"waterway-3-4-tum-metrisk-slangadapter","status":"publish","type":"product","link":"https:\/\/spasupport.se\/b2b\/produkt\/waterway-3-4-tum-metrisk-slangadapter\/","title":{"rendered":"Waterway 3\/4 tum metrisk slangadapter"},"content":{"rendered":"<h3>Waterway 3\/4 tum metrisk slangadapter<\/h3>\n<p>Waterway 3\/4 tum metrisk slangadapter l\u00e5ter dig ansluta en tr\u00e4dg\u00e5rdsslang till en 3\/4-tums dr\u00e4neringsventil p\u00e5 ditt spabad eller badtunna.<\/p>\n<p>Detta underl\u00e4ttar b\u00e5de t\u00f6mning och fyllning av spabadet eller badtunnan.<\/p>\n<!--themify_builder_content-->\n<div id=\"themify_builder_content-25595\" data-postid=\"25595\" class=\"themify_builder_content themify_builder_content-25595 themify_builder tf_clear\">\n    <\/div>\n<!--\/themify_builder_content-->\n","protected":false},"excerpt":{"rendered":"<ul>\n<li>\u00be\u2033 vinkel 90\u00b0<\/li>\n<li>Inv\u00e4ndig (F) \u00be\u201d i b\u00e5da \u00e4ndar<\/li>\n<li>\u00be&#8221; \u00e4r ca. 27 mm<\/li>\n<\/ul>\n","protected":false},"featured_media":25594,"comment_status":"open","ping_status":"closed","template":"","meta":{"_acf_changed":false,"inline_featured_image":false},"product_brand":[],"product_cat":[574],"product_tag":[],"varum\u00e4rken":[],"class_list":{"0":"post-25595","1":"product","2":"type-product","3":"status-publish","4":"has-post-thumbnail","6":"product_cat-kopplingar","7":"has-post-title","8":"has-post-date","9":"has-post-category","10":"has-post-tag","11":"has-post-comment","12":"has-post-author","13":"","15":"first","16":"outofstock","17":"taxable","18":"shipping-taxable","19":"product-type-simple"},"acf":[],"_links":{"self":[{"href":"https:\/\/spasupport.se\/b2b\/wp-json\/wp\/v2\/product\/25595","targetHints":{"allow":["GET"]}}],"collection":[{"href":"https:\/\/spasupport.se\/b2b\/wp-json\/wp\/v2\/product"}],"about":[{"href":"https:\/\/spasupport.se\/b2b\/wp-json\/wp\/v2\/types\/product"}],"replies":[{"embeddable":true,"href":"https:\/\/spasupport.se\/b2b\/wp-json\/wp\/v2\/comments?post=25595"}],"wp:featuredmedia":[{"embeddable":true,"href":"https:\/\/spasupport.se\/b2b\/wp-json\/wp\/v2\/media\/25594"}],"wp:attachment":[{"href":"https:\/\/spasupport.se\/b2b\/wp-json\/wp\/v2\/media?parent=25595"}],"wp:term":[{"taxonomy":"product_brand","embeddable":true,"href":"https:\/\/spasupport.se\/b2b\/wp-json\/wp\/v2\/product_brand?post=25595"},{"taxonomy":"product_cat","embeddable":true,"href":"https:\/\/spasupport.se\/b2b\/wp-json\/wp\/v2\/product_cat?post=25595"},{"taxonomy":"product_tag","embeddable":true,"href":"https:\/\/spasupport.se\/b2b\/wp-json\/wp\/v2\/product_tag?post=25595"},{"taxonomy":"varum\u00e4rken","embeddable":true,"href":"https:\/\/spasupport.se\/b2b\/wp-json\/wp\/v2\/varum\u00e4rken?post=25595"}],"curies":[{"name":"wp","href":"https:\/\/api.w.org\/{rel}","templated":true}]}}