{"id":25609,"date":"2023-11-02T08:57:00","date_gmt":"2023-11-02T07:57:00","guid":{"rendered":"https:\/\/spasupport.se\/b2b\/produkt\/skarvkoppling-t-90-grader-3-8\/"},"modified":"2024-03-08T15:02:28","modified_gmt":"2024-03-08T14:02:28","slug":"skarvkoppling-t-90-grader-3-8","status":"publish","type":"product","link":"https:\/\/spasupport.se\/b2b\/produkt\/skarvkoppling-t-90-grader-3-8\/","title":{"rendered":"Skarvkoppling T 90 grader 3\/8&#8243;"},"content":{"rendered":"<h3>Skarvkoppling T 90 grader 3\/8&#8243;<\/h3>\n<p>Skarvkoppling T 90 grader 3\/8&#8243; ca. 10 mm utv\u00e4ndig diameter. Skarvr\u00f6ret har sl\u00e4t yta f\u00f6r limning med <a href=\"\/produkt\/lim-for-pvc-och-abs\/\">PVC lim<\/a> s\u00e4ker och t\u00e4t anslutning.<\/p>\n<p>Anv\u00e4nds ofta till att f\u00f6rl\u00e4nga luftslangen till jet-munstycken efter reparation d\u00e4r det finns fler \u00e4n tv\u00e5 anslutningar.<\/p>\n<p>Skarvkoppling T 90 grader 3\/8&#8243; kan ocks\u00e5 anv\u00e4ndas till att dr\u00e4nera vattenpumpar som har tv\u00e5 utg\u00e5ngar f\u00f6r detta, vanligtvis en <a href=\"\/produkt\/poolslang-pvc-3-8-1-m\/\">3\/8&#8243; slang<\/a>.<\/p>\n<!--themify_builder_content-->\n<div id=\"themify_builder_content-25609\" data-postid=\"25609\" class=\"themify_builder_content themify_builder_content-25609 themify_builder tf_clear\">\n    <\/div>\n<!--\/themify_builder_content-->\n","protected":false},"excerpt":{"rendered":"<ul>\n<li>T-koppling 90 grader<\/li>\n<li>Till 3\/8&#8243; slang<\/li>\n<\/ul>\n","protected":false},"featured_media":25608,"comment_status":"open","ping_status":"closed","template":"","meta":{"_acf_changed":false,"inline_featured_image":false},"product_brand":[],"product_cat":[574],"product_tag":[],"varum\u00e4rken":[],"class_list":{"0":"post-25609","1":"product","2":"type-product","3":"status-publish","4":"has-post-thumbnail","6":"product_cat-kopplingar","7":"has-post-title","8":"has-post-date","9":"has-post-category","10":"has-post-tag","11":"has-post-comment","12":"has-post-author","13":"","15":"first","16":"instock","17":"taxable","18":"shipping-taxable","19":"product-type-simple"},"acf":[],"_links":{"self":[{"href":"https:\/\/spasupport.se\/b2b\/wp-json\/wp\/v2\/product\/25609","targetHints":{"allow":["GET"]}}],"collection":[{"href":"https:\/\/spasupport.se\/b2b\/wp-json\/wp\/v2\/product"}],"about":[{"href":"https:\/\/spasupport.se\/b2b\/wp-json\/wp\/v2\/types\/product"}],"replies":[{"embeddable":true,"href":"https:\/\/spasupport.se\/b2b\/wp-json\/wp\/v2\/comments?post=25609"}],"wp:featuredmedia":[{"embeddable":true,"href":"https:\/\/spasupport.se\/b2b\/wp-json\/wp\/v2\/media\/25608"}],"wp:attachment":[{"href":"https:\/\/spasupport.se\/b2b\/wp-json\/wp\/v2\/media?parent=25609"}],"wp:term":[{"taxonomy":"product_brand","embeddable":true,"href":"https:\/\/spasupport.se\/b2b\/wp-json\/wp\/v2\/product_brand?post=25609"},{"taxonomy":"product_cat","embeddable":true,"href":"https:\/\/spasupport.se\/b2b\/wp-json\/wp\/v2\/product_cat?post=25609"},{"taxonomy":"product_tag","embeddable":true,"href":"https:\/\/spasupport.se\/b2b\/wp-json\/wp\/v2\/product_tag?post=25609"},{"taxonomy":"varum\u00e4rken","embeddable":true,"href":"https:\/\/spasupport.se\/b2b\/wp-json\/wp\/v2\/varum\u00e4rken?post=25609"}],"curies":[{"name":"wp","href":"https:\/\/api.w.org\/{rel}","templated":true}]}}